{"id":700,"date":"2021-04-02T18:16:51","date_gmt":"2021-04-02T16:16:51","guid":{"rendered":"https:\/\/viadenuncia.net\/?page_id=700"},"modified":"2022-11-21T09:57:14","modified_gmt":"2022-11-21T08:57:14","slug":"premios","status":"publish","type":"page","link":"https:\/\/viadenuncia.net\/es\/premios\/","title":{"rendered":"Premios"},"content":{"rendered":"\t\t<div data-elementor-type=\"wp-page\" data-elementor-id=\"700\" class=\"elementor elementor-700\" data-elementor-post-type=\"page\">\n\t\t\t\t\t\t<section class=\"elementor-section elementor-top-section elementor-element elementor-element-7bf0fae4 elementor-section-full_width elementor-section-height-default elementor-section-height-default\" data-id=\"7bf0fae4\" data-element_type=\"section\" data-e-type=\"section\">\n\t\t\t\t\t\t\t<div class=\"elementor-background-overlay\"><\/div>\n\t\t\t\t\t\t\t<div class=\"elementor-container elementor-column-gap-default\">\n\t\t\t\t\t<div class=\"elementor-column elementor-col-100 elementor-top-column elementor-element elementor-element-6373e8cf\" data-id=\"6373e8cf\" data-element_type=\"column\" data-e-type=\"column\">\n\t\t\t<div class=\"elementor-widget-wrap elementor-element-populated\">\n\t\t\t\t\t\t<div class=\"elementor-element elementor-element-567d0321 elementor-widget elementor-widget-text-editor\" data-id=\"567d0321\" data-element_type=\"widget\" data-e-type=\"widget\" data-widget_type=\"text-editor.default\">\n\t\t\t\t<div class=\"elementor-widget-container\">\n\t\t\t\t\t\t\t\t\t<p>viadenuncia<\/p>\t\t\t\t\t\t\t\t<\/div>\n\t\t\t\t<\/div>\n\t\t\t\t<div class=\"elementor-element elementor-element-26404205 elementor-widget elementor-widget-heading\" data-id=\"26404205\" data-element_type=\"widget\" data-e-type=\"widget\" data-widget_type=\"heading.default\">\n\t\t\t\t<div class=\"elementor-widget-container\">\n\t\t\t\t\t<h1 class=\"elementor-heading-title elementor-size-default\">Premios<\/h1>\t\t\t\t<\/div>\n\t\t\t\t<\/div>\n\t\t\t\t\t<\/div>\n\t\t<\/div>\n\t\t\t\t\t<\/div>\n\t\t<\/section>\n\t\t\t\t<section class=\"elementor-section elementor-top-section elementor-element elementor-element-1540deb elementor-section-boxed elementor-section-height-default elementor-section-height-default\" data-id=\"1540deb\" data-element_type=\"section\" data-e-type=\"section\">\n\t\t\t\t\t\t\t<div class=\"elementor-background-overlay\"><\/div>\n\t\t\t\t\t\t\t<div class=\"elementor-container elementor-column-gap-default\">\n\t\t\t\t\t<div class=\"elementor-column elementor-col-100 elementor-top-column elementor-element elementor-element-211f2b8\" data-id=\"211f2b8\" data-element_type=\"column\" data-e-type=\"column\">\n\t\t\t<div class=\"elementor-widget-wrap elementor-element-populated\">\n\t\t\t\t\t\t<div class=\"elementor-element elementor-element-5d494c0 elementor-widget elementor-widget-heading\" data-id=\"5d494c0\" data-element_type=\"widget\" data-e-type=\"widget\" data-widget_type=\"heading.default\">\n\t\t\t\t<div class=\"elementor-widget-container\">\n\t\t\t\t\t<h4 class=\"elementor-heading-title elementor-size-default\">viadenuncia<\/h4>\t\t\t\t<\/div>\n\t\t\t\t<\/div>\n\t\t\t\t<div class=\"elementor-element elementor-element-e0f86f3 elementor-widget elementor-widget-heading\" data-id=\"e0f86f3\" data-element_type=\"widget\" data-e-type=\"widget\" data-widget_type=\"heading.default\">\n\t\t\t\t<div class=\"elementor-widget-container\">\n\t\t\t\t\t<h2 class=\"elementor-heading-title elementor-size-default\">PREMIOS E-TECH 2022<\/h2>\t\t\t\t<\/div>\n\t\t\t\t<\/div>\n\t\t\t\t<div class=\"elementor-element elementor-element-adb3805 elementor-widget elementor-widget-image\" data-id=\"adb3805\" data-element_type=\"widget\" data-e-type=\"widget\" data-widget_type=\"image.default\">\n\t\t\t\t<div class=\"elementor-widget-container\">\n\t\t\t\t\t\t\t\t\t\t\t\t\t\t\t<img decoding=\"async\" width=\"300\" height=\"70\" src=\"https:\/\/viadenuncia.net\/wp-content\/uploads\/sites\/3\/2022\/11\/logo-fosc-300x70.png\" class=\"attachment-medium size-medium wp-image-3023\" alt=\"premis e-etech\" srcset=\"https:\/\/viadenuncia.net\/wp-content\/uploads\/sites\/3\/2022\/11\/logo-fosc-300x70.png 300w, https:\/\/viadenuncia.net\/wp-content\/uploads\/sites\/3\/2022\/11\/logo-fosc.png 615w\" sizes=\"(max-width: 300px) 100vw, 300px\" \/>\t\t\t\t\t\t\t\t\t\t\t\t\t\t\t<\/div>\n\t\t\t\t<\/div>\n\t\t\t\t<div class=\"elementor-element elementor-element-2333b0f elementor-widget elementor-widget-text-editor\" data-id=\"2333b0f\" data-element_type=\"widget\" data-e-type=\"widget\" data-widget_type=\"text-editor.default\">\n\t\t\t\t<div class=\"elementor-widget-container\">\n\t\t\t\t\t\t\t\t\t\n<h3><strong>El buz\u00f3n de denuncias de la Directiva 2019\/1937 de VIADENUNCIA, de nuevo, premiado<\/strong><\/h3>\n<p>\u201c<strong>Condor<\/strong>\u201d, el canal de denuncias dise\u00f1ado por <strong>VIADENUNCIA, S.L<\/strong>., y que es el utilizado por diversas instituciones p\u00fablicas espa\u00f1olas y europeas, as\u00ed como por<strong> ASPERTIC<\/strong>, como canal de denuncias externo de la Directiva 2019\/1937, ha sido galardonado, de entre 43 proyectos seleccionados, a los <a href=\"https:\/\/www.premisetech.com\/premis-e-tech-2022-aquests-han-estat-els-guanyadors\/\" target=\"_blank\" rel=\"noopener\"><strong>premios E-TECH-2022<\/strong><\/a><\/p>.\n\n<p>As\u00ed se recompensa a los mejores proyectos y aportaciones del a\u00f1o 2022 en el \u00e1mbito de las nuevas tecnolog\u00edas espa\u00f1olas y especialmente aquellas que se han puesto en marcha en Girona.<\/p>\n\n<p>El primer buz\u00f3n de denuncias desarrollado para la<strong> Directiva Whistleblowers<\/strong>, que es de obligatoria puesta en marcha para todas las empresas con m\u00e1s de cincuenta trabajadores y en todas las administraciones p\u00fablicas, ha sido escogido finalista en el apartado a la <span style=\"text-decoration: underline;\">\u201cmejor iniciativa en el \u00e1mbito en la administraci\u00f3n local\u201d<\/span>. Tambi\u00e9n ha obtenido el primer premio en el apartado a la <span style=\"text-decoration: underline;\">\u201cmejor gesti\u00f3n en lengua y comunicaci\u00f3n de las TIC<\/span>\u201d pues permite la redacci\u00f3n de denuncias, an\u00f3nimas o no, en cualquier idioma de la Uni\u00f3n o del Estado espa\u00f1ol. El procedimiento, establecido \u00fanico europeo, puede hacerse independientemente de idiomas y fronteras, as\u00ed como su seguimiento.<\/p>\n\n<p>Laura Mora, CEO de <strong>Viadenuncia y Capa8, S.L<\/strong>. se encarg\u00f3 de recoger los premios el pasado d\u00eda 14 de noviembre en el auditorio Josep Irla de Girona.<\/p>\n<p><strong>ASPERTIC-VIADENUNCIA<\/strong> fueron tambi\u00e9n premiados, junto con sus promotores, Josep Jover y Fruit\u00f3s Richarte, con los premios DIARIO16-2021. En ese caso, el medio recompens\u00f3 la creaci\u00f3n de herramientas de lucha contra la corrupci\u00f3n y el compromiso personal de ambos juristas que llev\u00f3 a la puesta en marcha de la Directiva de alertadores de infracciones al Derecho de la Uni\u00f3n.\n<strong>ASPERTIC<\/strong> fue reconocida judicialmente ya como <a href=\"https:\/\/viadenuncia.net\/blog-aspertic-viadenuncia-autoridad-competente\/\" target=\"_blank\" rel=\"noopener\"><strong>AUTORIDAD COMPETENTE EUROPEA<\/strong><\/a> en temas de la Directiva 2019\/1937 en febrero de 2022.<\/p>\n\n<p>Queremos agradecer a nuestros amigos, clientes y seguidores la confianza depositada en nosotros.<\/p>\n\t\t\t\t\t\t\t\t<\/div>\n\t\t\t\t<\/div>\n\t\t\t\t\t<\/div>\n\t\t<\/div>\n\t\t\t\t\t<\/div>\n\t\t<\/section>\n\t\t\t\t<section class=\"elementor-section elementor-top-section elementor-element elementor-element-52ba1297 elementor-section-boxed elementor-section-height-default elementor-section-height-default\" data-id=\"52ba1297\" data-element_type=\"section\" data-e-type=\"section\">\n\t\t\t\t\t\t\t<div class=\"elementor-background-overlay\"><\/div>\n\t\t\t\t\t\t\t<div class=\"elementor-container elementor-column-gap-default\">\n\t\t\t\t\t<div class=\"elementor-column elementor-col-100 elementor-top-column elementor-element elementor-element-5a5fc28c\" data-id=\"5a5fc28c\" data-element_type=\"column\" data-e-type=\"column\">\n\t\t\t<div class=\"elementor-widget-wrap elementor-element-populated\">\n\t\t\t\t\t\t<div class=\"elementor-element elementor-element-53e2c169 elementor-widget elementor-widget-heading\" data-id=\"53e2c169\" data-element_type=\"widget\" data-e-type=\"widget\" data-widget_type=\"heading.default\">\n\t\t\t\t<div class=\"elementor-widget-container\">\n\t\t\t\t\t<h4 class=\"elementor-heading-title elementor-size-default\">viadenuncia<\/h4>\t\t\t\t<\/div>\n\t\t\t\t<\/div>\n\t\t\t\t<div class=\"elementor-element elementor-element-1741922b elementor-widget elementor-widget-heading\" data-id=\"1741922b\" data-element_type=\"widget\" data-e-type=\"widget\" data-widget_type=\"heading.default\">\n\t\t\t\t<div class=\"elementor-widget-container\">\n\t\t\t\t\t<h2 class=\"elementor-heading-title elementor-size-default\">Premio a la mejor iniciativa empresarial 2020 por Borme Online<\/h2>\t\t\t\t<\/div>\n\t\t\t\t<\/div>\n\t\t\t\t\t<\/div>\n\t\t<\/div>\n\t\t\t\t\t<\/div>\n\t\t<\/section>\n\t\t\t\t<section class=\"elementor-section elementor-top-section elementor-element elementor-element-55cf89a0 elementor-section-boxed elementor-section-height-default elementor-section-height-default\" data-id=\"55cf89a0\" data-element_type=\"section\" data-e-type=\"section\">\n\t\t\t\t\t\t\t<div class=\"elementor-background-overlay\"><\/div>\n\t\t\t\t\t\t\t<div class=\"elementor-container elementor-column-gap-default\">\n\t\t\t\t\t<div class=\"elementor-column elementor-col-50 elementor-top-column elementor-element elementor-element-7feb5926\" data-id=\"7feb5926\" data-element_type=\"column\" data-e-type=\"column\">\n\t\t\t<div class=\"elementor-widget-wrap elementor-element-populated\">\n\t\t\t\t\t\t<div class=\"elementor-element elementor-element-27157984 elementor-widget elementor-widget-image\" data-id=\"27157984\" data-element_type=\"widget\" data-e-type=\"widget\" data-widget_type=\"image.default\">\n\t\t\t\t<div class=\"elementor-widget-container\">\n\t\t\t\t\t\t\t\t\t\t\t\t\t\t\t<img fetchpriority=\"high\" decoding=\"async\" width=\"750\" height=\"750\" src=\"https:\/\/viadenuncia.net\/wp-content\/uploads\/sites\/3\/2021\/04\/premio-mejor-iniciativa-empresarial.jpg\" class=\"attachment-large size-large wp-image-703\" alt=\"\" srcset=\"https:\/\/viadenuncia.net\/wp-content\/uploads\/sites\/3\/2021\/04\/premio-mejor-iniciativa-empresarial.jpg 1000w, https:\/\/viadenuncia.net\/wp-content\/uploads\/sites\/3\/2021\/04\/premio-mejor-iniciativa-empresarial-300x300.jpg 300w, https:\/\/viadenuncia.net\/wp-content\/uploads\/sites\/3\/2021\/04\/premio-mejor-iniciativa-empresarial-150x150.jpg 150w, https:\/\/viadenuncia.net\/wp-content\/uploads\/sites\/3\/2021\/04\/premio-mejor-iniciativa-empresarial-768x768.jpg 768w\" sizes=\"(max-width: 750px) 100vw, 750px\" \/>\t\t\t\t\t\t\t\t\t\t\t\t\t\t\t<\/div>\n\t\t\t\t<\/div>\n\t\t\t\t\t<\/div>\n\t\t<\/div>\n\t\t\t\t<div class=\"elementor-column elementor-col-50 elementor-top-column elementor-element elementor-element-15eafd0d\" data-id=\"15eafd0d\" data-element_type=\"column\" data-e-type=\"column\">\n\t\t\t<div class=\"elementor-widget-wrap elementor-element-populated\">\n\t\t\t\t\t\t<div class=\"elementor-element elementor-element-6e4d99b1 elementor-widget elementor-widget-heading\" data-id=\"6e4d99b1\" data-element_type=\"widget\" data-e-type=\"widget\" data-widget_type=\"heading.default\">\n\t\t\t\t<div class=\"elementor-widget-container\">\n\t\t\t\t\t<h3 class=\"elementor-heading-title elementor-size-default\">bormeonline.com<\/h3>\t\t\t\t<\/div>\n\t\t\t\t<\/div>\n\t\t\t\t<div class=\"elementor-element elementor-element-4bb3606b elementor-widget elementor-widget-text-editor\" data-id=\"4bb3606b\" data-element_type=\"widget\" data-e-type=\"widget\" data-widget_type=\"text-editor.default\">\n\t\t\t\t<div class=\"elementor-widget-container\">\n\t\t\t\t\t\t\t\t\t<p><strong>ACTA DE LA REUNI\u00d3N DEL JURADO PARA LA CONCESI\u00d3N DEL PREMIO A LA MEJOR INICIATIVA EMPRESARIAL<\/strong> <br \/><strong>&#8211; III EDICI\u00d3N &#8211;<\/strong><\/p><p>Miembros del Jurado: <br \/><em>Don Jos\u00e9 Vicente Lucas:<\/em> Consejero Delegado del grupo \u201csaberlotodo.com\u201d, en su calidad de Presidente. <br \/><em>Don Rub\u00e9n Vico Abad:<\/em> miembro de Borme On Line, en su calidad de Vocal <br \/><em>Do\u00f1a Maria Salom\u00e9 Martin Camacho:<\/em> miembro de megainformes en su calidad de Vocal<\/p><p>Lugar y fecha: Alicante, el 17 de diciembre de 2020 a las 18,00 h.<\/p><p>De acuerdo con los criterios de puntuaci\u00f3n contenidos en las Bases de los Premios, el Jurado, tras analizar y valorar la trayectoria profesional y los proyectos presentados, decide otorgar el Premio BORME-ONLINE a la mejor iniciativa empresarial 2020 al proyecto <strong>\u201cVIADENUNCIA\u201d<\/strong> de adaptaci\u00f3n a la normativa de la Directiva 2019\/1937 DIRECTIVA (UE) 2019\/1937 DEL PARLAMENTO EUROPEO Y DEL CONSEJO de 23 de octubre de 2019 relativa a la protecci\u00f3n de las personas que informen sobre infracciones del Derecho de la Uni\u00f3n.<\/p><p>Razones que justifican la concesi\u00f3n: <br \/>La evaluaci\u00f3n del impacto del proyecto presentado y la trayectoria el favor de los denunciantes de corrupci\u00f3n de los autores que ha sido esencial para la aprobaci\u00f3n de la Directiva.<\/p><p>Y para que as\u00ed conste, lo firman en Madrid, a 17 de diciembre de 2020<\/p><p>El Presidente\u00a0\u00a0\u00a0\u00a0\u00a0\u00a0\u00a0\u00a0\u00a0\u00a0\u00a0\u00a0\u00a0\u00a0\u00a0\u00a0\u00a0\u00a0\u00a0\u00a0\u00a0\u00a0\u00a0\u00a0\u00a0\u00a0\u00a0\u00a0\u00a0\u00a0\u00a0\u00a0\u00a0\u00a0\u00a0\u00a0\u00a0\u00a0\u00a0\u00a0\u00a0\u00a0\u00a0\u00a0\u00a0\u00a0\u00a0\u00a0\u00a0\u00a0\u00a0\u00a0\u00a0\u00a0\u00a0\u00a0\u00a0\u00a0\u00a0\u00a0\u00a0\u00a0\u00a0\u00a0\u00a0\u00a0\u00a0\u00a0\u00a0\u00a0\u00a0\u00a0\u00a0\u00a0\u00a0\u00a0\u00a0\u00a0\u00a0\u00a0\u00a0\u00a0\u00a0\u00a0\u00a0\u00a0\u00a0\u00a0\u00a0\u00a0\u00a0\u00a0\u00a0\u00a0\u00a0\u00a0\u00a0\u00a0\u00a0\u00a0\u00a0 El Secretario<\/p>\t\t\t\t\t\t\t\t<\/div>\n\t\t\t\t<\/div>\n\t\t\t\t\t<\/div>\n\t\t<\/div>\n\t\t\t\t\t<\/div>\n\t\t<\/section>\n\t\t\t\t<section class=\"elementor-section elementor-top-section elementor-element elementor-element-1b551ee0 elementor-section-boxed elementor-section-height-default elementor-section-height-default\" data-id=\"1b551ee0\" data-element_type=\"section\" data-e-type=\"section\">\n\t\t\t\t\t\t\t<div class=\"elementor-background-overlay\"><\/div>\n\t\t\t\t\t\t\t<div class=\"elementor-container elementor-column-gap-default\">\n\t\t\t\t\t<div class=\"elementor-column elementor-col-100 elementor-top-column elementor-element elementor-element-26e6ad1\" data-id=\"26e6ad1\" data-element_type=\"column\" data-e-type=\"column\">\n\t\t\t<div class=\"elementor-widget-wrap elementor-element-populated\">\n\t\t\t\t\t\t<div class=\"elementor-element elementor-element-516fc7fe elementor-widget elementor-widget-heading\" data-id=\"516fc7fe\" data-element_type=\"widget\" data-e-type=\"widget\" data-widget_type=\"heading.default\">\n\t\t\t\t<div class=\"elementor-widget-container\">\n\t\t\t\t\t<h4 class=\"elementor-heading-title elementor-size-default\">viadenuncia<\/h4>\t\t\t\t<\/div>\n\t\t\t\t<\/div>\n\t\t\t\t<div class=\"elementor-element elementor-element-41f9e83a elementor-widget elementor-widget-heading\" data-id=\"41f9e83a\" data-element_type=\"widget\" data-e-type=\"widget\" data-widget_type=\"heading.default\">\n\t\t\t\t<div class=\"elementor-widget-container\">\n\t\t\t\t\t<h2 class=\"elementor-heading-title elementor-size-default\">Otros<\/h2>\t\t\t\t<\/div>\n\t\t\t\t<\/div>\n\t\t\t\t\t<\/div>\n\t\t<\/div>\n\t\t\t\t\t<\/div>\n\t\t<\/section>\n\t\t\t\t<section class=\"elementor-section elementor-top-section elementor-element elementor-element-2666e5ab elementor-section-boxed elementor-section-height-default elementor-section-height-default\" data-id=\"2666e5ab\" data-element_type=\"section\" data-e-type=\"section\">\n\t\t\t\t\t\t\t<div class=\"elementor-background-overlay\"><\/div>\n\t\t\t\t\t\t\t<div class=\"elementor-container elementor-column-gap-default\">\n\t\t\t\t\t<div class=\"elementor-column elementor-col-50 elementor-top-column elementor-element elementor-element-45bedcb8\" data-id=\"45bedcb8\" data-element_type=\"column\" data-e-type=\"column\">\n\t\t\t<div class=\"elementor-widget-wrap elementor-element-populated\">\n\t\t\t\t\t\t<div class=\"elementor-element elementor-element-14457afb elementor-widget elementor-widget-image\" data-id=\"14457afb\" data-element_type=\"widget\" data-e-type=\"widget\" data-widget_type=\"image.default\">\n\t\t\t\t<div class=\"elementor-widget-container\">\n\t\t\t\t\t\t\t\t\t\t\t\t\t\t\t<img decoding=\"async\" width=\"750\" height=\"583\" src=\"https:\/\/viadenuncia.net\/wp-content\/uploads\/sites\/3\/2021\/03\/viadenuncia_portada_parlament.jpg\" class=\"attachment-large size-large wp-image-266\" alt=\"\" srcset=\"https:\/\/viadenuncia.net\/wp-content\/uploads\/sites\/3\/2021\/03\/viadenuncia_portada_parlament.jpg 900w, https:\/\/viadenuncia.net\/wp-content\/uploads\/sites\/3\/2021\/03\/viadenuncia_portada_parlament-300x233.jpg 300w, https:\/\/viadenuncia.net\/wp-content\/uploads\/sites\/3\/2021\/03\/viadenuncia_portada_parlament-768x597.jpg 768w\" sizes=\"(max-width: 750px) 100vw, 750px\" \/>\t\t\t\t\t\t\t\t\t\t\t\t\t\t\t<\/div>\n\t\t\t\t<\/div>\n\t\t\t\t\t<\/div>\n\t\t<\/div>\n\t\t\t\t<div class=\"elementor-column elementor-col-50 elementor-top-column elementor-element elementor-element-4828fbba\" data-id=\"4828fbba\" data-element_type=\"column\" data-e-type=\"column\">\n\t\t\t<div class=\"elementor-widget-wrap elementor-element-populated\">\n\t\t\t\t\t\t<div class=\"elementor-element elementor-element-654cc16b elementor-widget elementor-widget-heading\" data-id=\"654cc16b\" data-element_type=\"widget\" data-e-type=\"widget\" data-widget_type=\"heading.default\">\n\t\t\t\t<div class=\"elementor-widget-container\">\n\t\t\t\t\t<h3 class=\"elementor-heading-title elementor-size-default\">Propuestas de Premios y menciones en curso<\/h3>\t\t\t\t<\/div>\n\t\t\t\t<\/div>\n\t\t\t\t<div class=\"elementor-element elementor-element-1fe35078 elementor-widget elementor-widget-text-editor\" data-id=\"1fe35078\" data-element_type=\"widget\" data-e-type=\"widget\" data-widget_type=\"text-editor.default\">\n\t\t\t\t<div class=\"elementor-widget-container\">\n\t\t\t\t\t\t\t\t\tViadenuncia ha sido propuesta por el \u00abgrupo diario16\u00bb de prensa al premio<strong> DIARIO16 2021<\/strong> por la aportaci\u00f3n a los valores \u00e9ticos de la sociedad europea.\t\t\t\t\t\t\t\t<\/div>\n\t\t\t\t<\/div>\n\t\t\t\t\t<\/div>\n\t\t<\/div>\n\t\t\t\t\t<\/div>\n\t\t<\/section>\n\t\t\t\t<\/div>\n\t\t","protected":false},"excerpt":{"rendered":"<p>viadenuncia Premios viadenuncia PREMIOS E-TECH 2022 El buz\u00f3n de denuncias de la Directiva 2019\/1937 de VIADENUNCIA, de nuevo, premiado \u201cCondor\u201d, el canal de denuncias dise\u00f1ado por VIADENUNCIA, S.L., y que es el utilizado por diversas instituciones p\u00fablicas espa\u00f1olas y europeas, as\u00ed como por ASPERTIC, como canal de denuncias externo de<a class=\"moretag\" href=\"https:\/\/viadenuncia.net\/es\/premios\/\"> Read more<\/a><\/p>\n","protected":false},"author":1,"featured_media":0,"parent":0,"menu_order":0,"comment_status":"closed","ping_status":"closed","template":"elementor_header_footer","meta":{"footnotes":""},"class_list":["post-700","page","type-page","status-publish","hentry"],"jetpack_sharing_enabled":true,"_links":{"self":[{"href":"https:\/\/viadenuncia.net\/es\/wp-json\/wp\/v2\/pages\/700","targetHints":{"allow":["GET"]}}],"collection":[{"href":"https:\/\/viadenuncia.net\/es\/wp-json\/wp\/v2\/pages"}],"about":[{"href":"https:\/\/viadenuncia.net\/es\/wp-json\/wp\/v2\/types\/page"}],"author":[{"embeddable":true,"href":"https:\/\/viadenuncia.net\/es\/wp-json\/wp\/v2\/users\/1"}],"replies":[{"embeddable":true,"href":"https:\/\/viadenuncia.net\/es\/wp-json\/wp\/v2\/comments?post=700"}],"version-history":[{"count":83,"href":"https:\/\/viadenuncia.net\/es\/wp-json\/wp\/v2\/pages\/700\/revisions"}],"predecessor-version":[{"id":3049,"href":"https:\/\/viadenuncia.net\/es\/wp-json\/wp\/v2\/pages\/700\/revisions\/3049"}],"wp:attachment":[{"href":"https:\/\/viadenuncia.net\/es\/wp-json\/wp\/v2\/media?parent=700"}],"curies":[{"name":"wp","href":"https:\/\/api.w.org\/{rel}","templated":true}]}}