{"id":451,"date":"2021-03-28T05:57:48","date_gmt":"2021-03-28T03:57:48","guid":{"rendered":"https:\/\/viadenuncia.net\/?page_id=451"},"modified":"2022-05-09T11:05:43","modified_gmt":"2022-05-09T09:05:43","slug":"legal","status":"publish","type":"page","link":"https:\/\/viadenuncia.net\/es\/legal\/","title":{"rendered":"Legal"},"content":{"rendered":"\t\t<div data-elementor-type=\"wp-page\" data-elementor-id=\"451\" class=\"elementor elementor-451\" data-elementor-post-type=\"page\">\n\t\t\t\t\t\t<section class=\"elementor-section elementor-top-section elementor-element elementor-element-732c1171 elementor-section-full_width elementor-section-height-default elementor-section-height-default\" data-id=\"732c1171\" data-element_type=\"section\" data-e-type=\"section\">\n\t\t\t\t\t\t\t<div class=\"elementor-background-overlay\"><\/div>\n\t\t\t\t\t\t\t<div class=\"elementor-container elementor-column-gap-default\">\n\t\t\t\t\t<div class=\"elementor-column elementor-col-100 elementor-top-column elementor-element elementor-element-26498800\" data-id=\"26498800\" data-element_type=\"column\" data-e-type=\"column\">\n\t\t\t<div class=\"elementor-widget-wrap elementor-element-populated\">\n\t\t\t\t\t\t<div class=\"elementor-element elementor-element-6536f2b7 elementor-widget elementor-widget-text-editor\" data-id=\"6536f2b7\" data-element_type=\"widget\" data-e-type=\"widget\" data-widget_type=\"text-editor.default\">\n\t\t\t\t<div class=\"elementor-widget-container\">\n\t\t\t\t\t\t\t\t\t<p>viadenuncia<\/p>\t\t\t\t\t\t\t\t<\/div>\n\t\t\t\t<\/div>\n\t\t\t\t<div class=\"elementor-element elementor-element-1a4ab926 elementor-widget elementor-widget-heading\" data-id=\"1a4ab926\" data-element_type=\"widget\" data-e-type=\"widget\" data-widget_type=\"heading.default\">\n\t\t\t\t<div class=\"elementor-widget-container\">\n\t\t\t\t\t<h1 class=\"elementor-heading-title elementor-size-default\">Nota legal, pol\u00edtica de privadesa i galetes\u200b<\/h1>\t\t\t\t<\/div>\n\t\t\t\t<\/div>\n\t\t\t\t\t<\/div>\n\t\t<\/div>\n\t\t\t\t\t<\/div>\n\t\t<\/section>\n\t\t\t\t<section class=\"elementor-section elementor-top-section elementor-element elementor-element-4de94a5d elementor-section-boxed elementor-section-height-default elementor-section-height-default\" data-id=\"4de94a5d\" data-element_type=\"section\" data-e-type=\"section\">\n\t\t\t\t\t\t\t<div class=\"elementor-background-overlay\"><\/div>\n\t\t\t\t\t\t\t<div class=\"elementor-container elementor-column-gap-default\">\n\t\t\t\t\t<div class=\"elementor-column elementor-col-100 elementor-top-column elementor-element elementor-element-20534e00\" data-id=\"20534e00\" data-element_type=\"column\" data-e-type=\"column\">\n\t\t\t<div class=\"elementor-widget-wrap elementor-element-populated\">\n\t\t\t\t\t\t<div class=\"elementor-element elementor-element-77a6dd52 elementor-widget elementor-widget-heading\" data-id=\"77a6dd52\" data-element_type=\"widget\" data-e-type=\"widget\" data-widget_type=\"heading.default\">\n\t\t\t\t<div class=\"elementor-widget-container\">\n\t\t\t\t\t<h4 class=\"elementor-heading-title elementor-size-default\">viadenuncia<\/h4>\t\t\t\t<\/div>\n\t\t\t\t<\/div>\n\t\t\t\t<div class=\"elementor-element elementor-element-2e2bf4ae elementor-widget elementor-widget-heading\" data-id=\"2e2bf4ae\" data-element_type=\"widget\" data-e-type=\"widget\" data-widget_type=\"heading.default\">\n\t\t\t\t<div class=\"elementor-widget-container\">\n\t\t\t\t\t<h2 class=\"elementor-heading-title elementor-size-default\">Nota legal, pol\u00edtica de privadesa i galetes\u200b<\/h2>\t\t\t\t<\/div>\n\t\t\t\t<\/div>\n\t\t\t\t\t<\/div>\n\t\t<\/div>\n\t\t\t\t\t<\/div>\n\t\t<\/section>\n\t\t\t\t<section class=\"elementor-section elementor-top-section elementor-element elementor-element-1ac660ba elementor-section-boxed elementor-section-height-default elementor-section-height-default\" data-id=\"1ac660ba\" data-element_type=\"section\" data-e-type=\"section\">\n\t\t\t\t\t\t\t<div class=\"elementor-background-overlay\"><\/div>\n\t\t\t\t\t\t\t<div class=\"elementor-container elementor-column-gap-default\">\n\t\t\t\t\t<div class=\"elementor-column elementor-col-100 elementor-top-column elementor-element elementor-element-29e0683c\" data-id=\"29e0683c\" data-element_type=\"column\" data-e-type=\"column\">\n\t\t\t<div class=\"elementor-widget-wrap elementor-element-populated\">\n\t\t\t\t\t\t<div class=\"elementor-element elementor-element-4732cd51 elementor-widget elementor-widget-text-editor\" data-id=\"4732cd51\" data-element_type=\"widget\" data-e-type=\"widget\" data-widget_type=\"text-editor.default\">\n\t\t\t\t<div class=\"elementor-widget-container\">\n\t\t\t\t\t\t\t\t\tDe conformitat amb la <strong>Llei org\u00e0nica 3\/2018<\/strong>, de 5 de desembre, de protecci\u00f3 de dades personals i garantia dels drets digitals que desenvolupa el <strong>REGLAMENT (UE) 2016\/679 DEL PARLAMENT EUROPEU I DEL CONSELL de 27 d&#8217;abril de 2016<\/strong> relatiu a la protecci\u00f3 de les persones f\u00edsiques pel que fa al tractament de dades personals i a la lliure circulaci\u00f3 d&#8217;aquestes dades i pel qual es deroga la Directiva 95\/46 \/ CE (Reglament general de protecci\u00f3 de dades), li cal saber:\n<br><br>\nQue, les dades subministrades per l&#8217;usuari quedaran incorporades en un tractament automatitzat, el qual ser\u00e0 processat exclusivament per a la finalitat demanada en cada cas. Aquestes dades es recolliran a trav\u00e9s dels formularis corresponents, els quals nom\u00e9s contindran els camps imprescindibles per poder prestar el servei requerit per l&#8217;usuari.\n<br><br>\nLes dades de car\u00e0cter personal, seran tractades amb el grau de protecci\u00f3 adequat, segons la Llei Org\u00e0nica 3\/2018, de 5 de desembre, de protecci\u00f3 de dades personals i garantia dels drets digitals, prenent-se les mesures de seguretat necess\u00e0ries per evitar la seva alteraci\u00f3, p\u00e8rdua, tractament o acc\u00e9s no autoritzat per part de tercers que les puguin utilitzar per a finalitats diferents per les quals han estat sol\u00b7licitades a l&#8217;usuari.\n<br><br>\nLa informaci\u00f3 que l&#8217;usuari posa en el nostre coneixement a trav\u00e9s del formulari de den\u00fancia, ens pot obligar a posar-nos en contacte amb un o diversos especialistes, tots obligats pel seu secret professional. No s&#8217;estableix en cap cas una altra pol\u00edtica de cessi\u00f3 de dades personals. L&#8217;usuari pot exercir els seus drets d&#8217;oposici\u00f3, acc\u00e9s, rectificaci\u00f3, oblit, portabilitat, suspensi\u00f3 de tractament, i cancel\u00b7laci\u00f3, en compliment del que estableix la LOPDGDD, a la seu de <em>VIADENUNCIA, S.L.<\/em>, el seu e-mail o la p\u00e0gina a l&#8217;efecte posada.\n<br><br>\nCIF: B-B01738384<br>\nAdre\u00e7a: Av. Corts Catalanes, 5, Baixos,<br>\n08173, Sant Cugat del Vall\u00e8s (Barcelona).<br>\nCorreu: dpd@viadenuncia.net<br>\nP\u00e0gina: http:\/\/box.viadenuncia.net\/9797624243\n<br><br>\nL&#8217;acc\u00e9s i navegaci\u00f3 a aquest lloc web implica l&#8217;acceptaci\u00f3 dels termes i condicions d&#8217;\u00fas. L&#8217;usuari es compromet a utilitzar aquest lloc web de conformitat amb la legalitat vigent.\n<br><br>\nLes dades que l\u2019usuari ens d\u00f3na, no seran mai cedides, excepte per manament judicial o pel que li hem descrit anteriorment. Viadenuncia, S.L., a m\u00e9s, assumeix, en la informaci\u00f3 que fa servir, un codi de conducta que va m\u00e9s enll\u00e0 de la pr\u00f2pia norma, sent els seus principis orientadors els seg\u00fcents:\n<br><br>\n<strong>Principis generals<\/strong>\n<br><br>\n<strong>Legalitat<\/strong>\n<br><br>\nEls serveis que s&#8217;ofereixen estan sotmesos a la legalitat vigent; <em>Viadenuncia, S.L.<\/em> es compromet a no acceptar ni estimular pr\u00e0ctiques il\u00b7legals o contr\u00e0ries a la moral.\n<br><br>\n<strong>Honestedat<\/strong>\n<br><br>\nLes informacions contingudes en la documentaci\u00f3 que s&#8217;utilitzi, estaran redactades d&#8217;una manera transparent, comprensible i raonable. <em>Viadenuncia, S.L.<\/em>, es reserva el dret de modificar la Pol\u00edtica de Privacitat, motivat per un canvi legislatiu, jurisprudencial o doctrinal de l&#8217;Ag\u00e8ncia Espanyola de Protecci\u00f3 de Dades. Qualsevol modificaci\u00f3 de la Pol\u00edtica de Privacitat ser\u00e0 publicada almenys deu dies abans de la seva efectiva aplicaci\u00f3.\n<br><br>\nPer a prestar serveis estrictament necessaris per al seu adequat funcionament <em>Viadenuncia, S.L.<\/em> utilitza els seg\u00fcents prestadors de serveis sota les seves corresponents condicions de privacitat:\n* wordpress\n* Dondominio (registre de dominis)\n<br><br>\n<strong>Responsabilitat<\/strong>\n<br><br>\n<em>Viadenuncia, S.L<\/em>. assumeix la responsabilitat de la informaci\u00f3 que posa a disposici\u00f3 dels usuaris de la p\u00e0gina.\n<br><br>\n<strong>Confidencialitat<\/strong>\n<br><br>\nPer causa de l&#8217;activitat, tots els subjectes que participen en la prestaci\u00f3 de serveis han de ser identificables al peticionari de serveis, per\u00f2 en la seva activitat m\u00e9s enll\u00e0 de la relaci\u00f3 professional, tenen dret a preservar l&#8217;anonimat. En el mateix sentit, el peticionari de serveis t\u00e9 dret a mantenir el seu anonimat, d&#8217;aix\u00ed desitjar-ho.\n<br><br>\n<strong>Protecci\u00f3 de la dignitat humana<\/strong>\n<br><br>\nEl respecte a la dignitat humana implica tutelar la vida, impedint qualsevol classe de discriminaci\u00f3 social, religiosa, \u00e8tnica, cultural, pol\u00edtica, sexual o per discapacitat f\u00edsica o ps\u00edquica.\n<br><br>\n<strong>Protecci\u00f3 dels menors<\/strong>\n<br><br>\nLa protecci\u00f3 dels menors suposa rebutjar la seva utilitzaci\u00f3, especialment amb objectius poc clars, i mantenir una actitud de cautela en la difusi\u00f3 de continguts potencialment nocius per a la inf\u00e0ncia.\n<br><br>\n<strong>Protecci\u00f3 de l&#8217;ordre p\u00fablic<\/strong>\n<br><br>\nD&#8217;acord amb el respecte a les lleis que regulen l&#8217;ordre p\u00fablic, <em>Viadenuncia, S.L.<\/em> no ser\u00e0 vehicle de missatges que incitin a l&#8217;\u00fas de la viol\u00e8ncia o a la participaci\u00f3 en activitats delictives.\n<br><br>\n<strong>Protecci\u00f3 de la vida privada<\/strong>\n<br><br>\nEl respecte als drets i llibertats fonamentals obliga a tutelar la vida privada, les dades personals i el secret de les comunicacions. Tot i aix\u00ed, ens reservem el dret de posar-nos en contacte amb vost\u00e8, les vegades que calgui, per informar de canvis legislatius, operatius i material intel\u00b7lectual o tecnol\u00f2gic que estimem pugui necessitar.\n<br><br>\n<strong>Protecci\u00f3 del consumidor en el marc del comer\u00e7 electr\u00f2nic<\/strong>\n<br><br>\nEn les activitats que no siguin pr\u00f2pies de l&#8217;activitat de prestaci\u00f3 de serveis s&#8217;han de respectar els principis de transpar\u00e8ncia i accessibilitat, sotmetent-se a les normatives de protecci\u00f3 del consumidor.\n<br><br>\n<strong>Dret de propietat intel\u00b7lectual i industrial<\/strong>\n<br><br>\n<em>Viadenuncia, S.L.<\/em> expressa la seva voluntat de tutelar el dret, d&#8217;existir, dels autors a les seves creacions intel\u00b7lectuals i industrials, d&#8217;acord amb la normativa vigent. Aix\u00f2 no obsta que s&#8217;entengui que s&#8217;aposta principalment pels mecanismes de la cultura lliure i del programari no propietari, tot i aix\u00ed, aquest lloc web i tots els seus continguts, incloent la seva programaci\u00f3, textos, imatges, so, fotografies, disseny gr\u00e0fic, logos i qualsevol altre material o element que apareix al web s\u00f3n propietat de titular o de tercers que han autoritzat l&#8217;\u00fas d&#8217;aquests continguts a titular (SafeCreative).\n<br><br>\nEls noms comercials, marques o signes distintius exposats en aquestes p\u00e0gines estan registrats i s\u00f3n propietat dels seus leg\u00edtims titulars. Tots els drets estan reservats. El titular no concedeix cap tipus de llic\u00e8ncia o autoritzaci\u00f3 a l&#8217;usuari del web sobre els seus drets de propietat intel\u00b7lectual o industrial o sobre qualsevol altre dret relacionat amb el web i els serveis oferts pel mateix. La reproducci\u00f3, c\u00f2pia, \u00fas, distribuci\u00f3, comercialitzaci\u00f3, comunicaci\u00f3 p\u00fablica, totals o parcials, o qualsevol altra activitat que es pugui dur a terme amb la informaci\u00f3 continguda en aquestes p\u00e0gines web i que es realitzi sense l&#8217;autoritzaci\u00f3 expr\u00e9s per part de la titular i dels propietaris de les marques, constitueix una infracci\u00f3 dels drets de propietat intel\u00b7lectual i industrial, que penalitza la legislaci\u00f3 vigent. El titular es reserva la possibilitat d&#8217;exercir les accions judicials que corresponguin contra els usuaris que violin o infringeixin els drets de propietat intel\u00b7lectual i industrial.\n<br><br>\n<strong>Enlla\u00e7os<\/strong>\n<br><br>\nEn el cas que en el web es disposessin enlla\u00e7os o hipervincles cap a altres llocs d&#8217;Internet,<em>Viadenuncia, S.L<\/em>. no exercir\u00e0 cap tipus de control sobre aquests llocs i continguts. En cap cas, <em>Viadenuncia, S.L<\/em>. assumir\u00e0 responsabilitats pels continguts d&#8217;algun enlla\u00e7 pertanyent a un lloc web ali\u00e8, ni garantir\u00e0 la disponibilitat t\u00e8cnica, qualitat, fiabilitat, exactitud, amplitud, veracitat, validesa i constitucionalitat de qualsevol material o informaci\u00f3 continguda en cap d&#8217;aquests hipervincles o altres llocs d&#8217;Internet. Igualment inclusi\u00f3 d&#8217;aquestes connexions externes no implicar\u00e0 cap tipus d&#8217;associaci\u00f3, fusi\u00f3 o participaci\u00f3 amb les entitats connectades.\n<br><br>\n<strong>Dret d&#8217;Exclusi\u00f3<\/strong>\n<br><br>\n<em>Viadenuncia, S.L<\/em>. es reserva el dret a denegar o retirar l&#8217;acc\u00e9s al seu web i \/ o els serveis oferts sense necessitat de preav\u00eds, a inst\u00e0ncia pr\u00f2pia o d&#8217;un tercer, a aquells usuaris que incompleixin les presents Condicions Generals d&#8217;\u00fas.\n<br><br>\n<strong>Conflictes<\/strong>\n<br><br>\n<em>Viadenuncia, S.L<\/em>. no es fa responsable, en cap cas, dels danys i perjudicis de qualsevol naturalesa que poguessin ocasionar; a t\u00edtol enunciatiu i mai limitatiu: errors o omissions en els continguts, falta de disponibilitat del portal o la transmissi\u00f3 de virus o programes maliciosos o lesius en els continguts, tot i haver adoptat, des del primer moment, totes les mesures tecnol\u00f2giques necess\u00e0ries per evitar-ho.\n<br><br>\nQualsevol conflicte sorgit per la prestaci\u00f3 de serveis requerida, o per d&#8217;utilitzaci\u00f3 de la p\u00e0gina se sotmetr\u00e0 al fur i jurisdicci\u00f3 dels tribunals de la ciutat de Barcelona. Si hi ha relaci\u00f3 amb un tercer professional, <em>Viadenuncia, S.L.<\/em> queda exonerada de les responsabilitats fruit d&#8217;aquesta relaci\u00f3 amb plena indemnitat, no responsabilitzant-se ni reconeixent la relaci\u00f3 de prestaci\u00f3 de serveis entre el peticionari i el prestador.\n<br><br>\n<strong>Plugins socials<\/strong>\n<br><br>\nEn el nostre Lloc Web oferim enlla\u00e7os i serveis relacionats amb diferents xarxes socials. Si l&#8217;Usuari \u00e9s membre d&#8217;una xarxa social i fa clic sobre el corresponent enlla\u00e7, el prove\u00efdor de la xarxa social podr\u00e0 enlla\u00e7ar les seves dades de perfil amb la informaci\u00f3 de la seva visita a <em>Viadenuncia S.L.<\/em> Per tant, l&#8217;usuari ha d&#8217;estar informat sobre les funcions i pol\u00edtiques sobre el tractament de les seves dades personals de la respectiva xarxa social. Tant si accedeix a una de les nostres p\u00e0gines web amb algun dels seus perfils en xarxes socials o comparteix informaci\u00f3 a trav\u00e9s d&#8217;ells. L&#8217;usuari pot accedir en tot moment a les pol\u00edtiques de privacitat de les diferents xarxes socials, aix\u00ed com configurar el seu perfil per garantir la seva privacitat.\n\t\t\t\t\t\t\t\t<\/div>\n\t\t\t\t<\/div>\n\t\t\t\t\t<\/div>\n\t\t<\/div>\n\t\t\t\t\t<\/div>\n\t\t<\/section>\n\t\t\t\t<\/div>\n\t\t","protected":false},"excerpt":{"rendered":"<p>viadenuncia Nota legal, pol\u00edtica de privacidad y cookies viadenuncia Nota legal, pol\u00edtica de privacidad y galletas En conformidad con la Ley Org\u00e1nica 3\/2018, de 5 de diciembre, de protecci\u00f3n de datos personales y garant\u00eda de los derechos digitales que desarrolla el REGLAMENTO (UE) 2016\/679 DEL PARLAMENTO EUROPEO Y DEL CONSEJO<a class=\"moretag\" href=\"https:\/\/viadenuncia.net\/es\/legal\/\"> Read more<\/a><\/p>\n","protected":false},"author":1,"featured_media":0,"parent":0,"menu_order":0,"comment_status":"closed","ping_status":"closed","template":"elementor_header_footer","meta":{"footnotes":""},"class_list":["post-451","page","type-page","status-publish","hentry"],"jetpack_sharing_enabled":true,"_links":{"self":[{"href":"https:\/\/viadenuncia.net\/es\/wp-json\/wp\/v2\/pages\/451","targetHints":{"allow":["GET"]}}],"collection":[{"href":"https:\/\/viadenuncia.net\/es\/wp-json\/wp\/v2\/pages"}],"about":[{"href":"https:\/\/viadenuncia.net\/es\/wp-json\/wp\/v2\/types\/page"}],"author":[{"embeddable":true,"href":"https:\/\/viadenuncia.net\/es\/wp-json\/wp\/v2\/users\/1"}],"replies":[{"embeddable":true,"href":"https:\/\/viadenuncia.net\/es\/wp-json\/wp\/v2\/comments?post=451"}],"version-history":[{"count":42,"href":"https:\/\/viadenuncia.net\/es\/wp-json\/wp\/v2\/pages\/451\/revisions"}],"predecessor-version":[{"id":2878,"href":"https:\/\/viadenuncia.net\/es\/wp-json\/wp\/v2\/pages\/451\/revisions\/2878"}],"wp:attachment":[{"href":"https:\/\/viadenuncia.net\/es\/wp-json\/wp\/v2\/media?parent=451"}],"curies":[{"name":"wp","href":"https:\/\/api.w.org\/{rel}","templated":true}]}}