{"id":2597,"date":"2022-04-07T11:25:00","date_gmt":"2022-04-07T09:25:00","guid":{"rendered":"https:\/\/viadenuncia.net\/?page_id=2597"},"modified":"2023-05-18T12:27:09","modified_gmt":"2023-05-18T10:27:09","slug":"pymes-y-micropymes","status":"publish","type":"page","link":"https:\/\/viadenuncia.net\/es\/canales-de-comunicacion\/pymes-y-micropymes\/","title":{"rendered":"Pymes y Micropymes"},"content":{"rendered":"\t\t<div data-elementor-type=\"wp-page\" data-elementor-id=\"2597\" class=\"elementor elementor-2597\" data-elementor-post-type=\"page\">\n\t\t\t\t\t\t<section class=\"elementor-section elementor-top-section elementor-element elementor-element-509f3c5e elementor-section-full_width elementor-section-height-default elementor-section-height-default\" data-id=\"509f3c5e\" data-element_type=\"section\" data-e-type=\"section\" data-settings=\"{&quot;sticky&quot;:&quot;top&quot;,&quot;sticky_on&quot;:[&quot;desktop&quot;,&quot;tablet&quot;,&quot;mobile&quot;],&quot;sticky_offset&quot;:0,&quot;sticky_effects_offset&quot;:0,&quot;sticky_anchor_link_offset&quot;:0}\">\n\t\t\t\t\t\t\t<div class=\"elementor-background-overlay\"><\/div>\n\t\t\t\t\t\t\t<div class=\"elementor-container elementor-column-gap-default\">\n\t\t\t\t\t<div class=\"elementor-column elementor-col-100 elementor-top-column elementor-element elementor-element-1f865af5\" data-id=\"1f865af5\" data-element_type=\"column\" data-e-type=\"column\">\n\t\t\t<div class=\"elementor-widget-wrap elementor-element-populated\">\n\t\t\t\t\t\t<div class=\"elementor-element elementor-element-3f7b684a elementor-widget elementor-widget-text-editor\" data-id=\"3f7b684a\" data-element_type=\"widget\" data-e-type=\"widget\" data-widget_type=\"text-editor.default\">\n\t\t\t\t<div class=\"elementor-widget-container\">\n\t\t\t\t\t\t\t\t\t<p>viadenuncia<\/p>\t\t\t\t\t\t\t\t<\/div>\n\t\t\t\t<\/div>\n\t\t\t\t<div class=\"elementor-element elementor-element-7c327743 elementor-widget elementor-widget-heading\" data-id=\"7c327743\" data-element_type=\"widget\" data-e-type=\"widget\" data-widget_type=\"heading.default\">\n\t\t\t\t<div class=\"elementor-widget-container\">\n\t\t\t\t\t<h2 class=\"elementor-heading-title elementor-size-xl\">Pymes y micropymes<\/h2>\t\t\t\t<\/div>\n\t\t\t\t<\/div>\n\t\t\t\t\t<\/div>\n\t\t<\/div>\n\t\t\t\t\t<\/div>\n\t\t<\/section>\n\t\t\t\t<section class=\"elementor-section elementor-top-section elementor-element elementor-element-5539e7a0 elementor-section-boxed elementor-section-height-default elementor-section-height-default\" data-id=\"5539e7a0\" data-element_type=\"section\" data-e-type=\"section\">\n\t\t\t\t\t\t\t<div class=\"elementor-background-overlay\"><\/div>\n\t\t\t\t\t\t\t<div class=\"elementor-container elementor-column-gap-default\">\n\t\t\t\t\t<div class=\"elementor-column elementor-col-100 elementor-top-column elementor-element elementor-element-659374d\" data-id=\"659374d\" data-element_type=\"column\" data-e-type=\"column\">\n\t\t\t<div class=\"elementor-widget-wrap elementor-element-populated\">\n\t\t\t\t\t\t<div class=\"elementor-element elementor-element-239063b6 elementor-widget elementor-widget-menu-anchor\" data-id=\"239063b6\" data-element_type=\"widget\" data-e-type=\"widget\" data-widget_type=\"menu-anchor.default\">\n\t\t\t\t<div class=\"elementor-widget-container\">\n\t\t\t\t\t\t\t<div class=\"elementor-menu-anchor\" id=\"promotors\"><\/div>\n\t\t\t\t\t\t<\/div>\n\t\t\t\t<\/div>\n\t\t\t\t<div class=\"elementor-element elementor-element-629dcf32 elementor-widget elementor-widget-heading\" data-id=\"629dcf32\" data-element_type=\"widget\" data-e-type=\"widget\" data-widget_type=\"heading.default\">\n\t\t\t\t<div class=\"elementor-widget-container\">\n\t\t\t\t\t<p class=\"elementor-heading-title elementor-size-default\">viadenuncia<\/p>\t\t\t\t<\/div>\n\t\t\t\t<\/div>\n\t\t\t\t<div class=\"elementor-element elementor-element-5e82efe elementor-widget elementor-widget-heading\" data-id=\"5e82efe\" data-element_type=\"widget\" data-e-type=\"widget\" data-widget_type=\"heading.default\">\n\t\t\t\t<div class=\"elementor-widget-container\">\n\t\t\t\t\t<h3 class=\"elementor-heading-title elementor-size-default\">Mejorando tu imagen corporativa\n<\/h3>\t\t\t\t<\/div>\n\t\t\t\t<\/div>\n\t\t\t\t\t<\/div>\n\t\t<\/div>\n\t\t\t\t\t<\/div>\n\t\t<\/section>\n\t\t\t\t<section class=\"elementor-section elementor-top-section elementor-element elementor-element-3805f2ae elementor-section-boxed elementor-section-height-default elementor-section-height-default\" data-id=\"3805f2ae\" data-element_type=\"section\" data-e-type=\"section\">\n\t\t\t\t\t\t<div class=\"elementor-container elementor-column-gap-default\">\n\t\t\t\t\t<div class=\"elementor-column elementor-col-50 elementor-top-column elementor-element elementor-element-6dcd47e1\" data-id=\"6dcd47e1\" data-element_type=\"column\" data-e-type=\"column\">\n\t\t\t<div class=\"elementor-widget-wrap elementor-element-populated\">\n\t\t\t\t\t\t<div class=\"elementor-element elementor-element-28140f4f elementor-widget elementor-widget-image\" data-id=\"28140f4f\" data-element_type=\"widget\" data-e-type=\"widget\" data-widget_type=\"image.default\">\n\t\t\t\t<div class=\"elementor-widget-container\">\n\t\t\t\t\t\t\t\t\t\t\t\t\t\t\t<img fetchpriority=\"high\" decoding=\"async\" width=\"300\" height=\"300\" src=\"https:\/\/viadenuncia.net\/wp-content\/uploads\/sites\/3\/2022\/04\/business-brainstorm-planning-work-ideas-concept-300x300.png\" class=\"attachment-medium size-medium wp-image-2600\" alt=\"pymes y micropymes\" srcset=\"https:\/\/viadenuncia.net\/wp-content\/uploads\/sites\/3\/2022\/04\/business-brainstorm-planning-work-ideas-concept-300x300.png 300w, https:\/\/viadenuncia.net\/wp-content\/uploads\/sites\/3\/2022\/04\/business-brainstorm-planning-work-ideas-concept-1024x1024.png 1024w, https:\/\/viadenuncia.net\/wp-content\/uploads\/sites\/3\/2022\/04\/business-brainstorm-planning-work-ideas-concept-150x150.png 150w, https:\/\/viadenuncia.net\/wp-content\/uploads\/sites\/3\/2022\/04\/business-brainstorm-planning-work-ideas-concept-768x768.png 768w, https:\/\/viadenuncia.net\/wp-content\/uploads\/sites\/3\/2022\/04\/business-brainstorm-planning-work-ideas-concept.png 1500w\" sizes=\"(max-width: 300px) 100vw, 300px\" \/>\t\t\t\t\t\t\t\t\t\t\t\t\t\t\t<\/div>\n\t\t\t\t<\/div>\n\t\t\t\t\t<\/div>\n\t\t<\/div>\n\t\t\t\t<div class=\"elementor-column elementor-col-50 elementor-top-column elementor-element elementor-element-2776653\" data-id=\"2776653\" data-element_type=\"column\" data-e-type=\"column\">\n\t\t\t<div class=\"elementor-widget-wrap elementor-element-populated\">\n\t\t\t\t\t\t<div class=\"elementor-element elementor-element-26378be5 elementor-widget elementor-widget-text-editor\" data-id=\"26378be5\" data-element_type=\"widget\" data-e-type=\"widget\" data-widget_type=\"text-editor.default\">\n\t\t\t\t<div class=\"elementor-widget-container\">\n\t\t\t\t\t\t\t\t\t<p>\u00bfTiene tu empresa menos de 50 trabajadores? \u00bfRealizas alguna actividad vinculada a la Administraci\u00f3n p\u00fablica? \u00bfEst\u00e1 sujeta a cualquier de los \u00e1mbitos que abarca la <a href=\"https:\/\/viadenuncia.net\/\"><strong>Directiva 2019\/1937<\/strong><\/a>?&#8230; entonces tienes que disponer de forma obligatoria\u00a0 de un espacio donde los consumidores, proveedores, colaboradores y trabajadores puedan canalizar las disconformidades.<\/p><p>En <a href=\"https:\/\/viadenuncia.net\/viadenuncia\/\"><strong>VIADENUNCIA<\/strong><\/a> te proporcionamos un canal\u00a0 a medida de las necesidades de tu empresa, que adem\u00e1s es la herramienta imprescindible para detectar las fortalezas y debilidades de la organizaci\u00f3n.<\/p><p>Disponer de este tipo de canal es una se\u00f1al de empoderamiento y madurez para colaboradores, accionistas, socios y p\u00fablico en general, adem\u00e1s denota el compromiso real de la direcci\u00f3n con la transparencia y el cumplimiento normativo, buscando la excelencia.<\/p><p><\/p>\t\t\t\t\t\t\t\t<\/div>\n\t\t\t\t<\/div>\n\t\t\t\t\t<\/div>\n\t\t<\/div>\n\t\t\t\t\t<\/div>\n\t\t<\/section>\n\t\t\t\t<section class=\"elementor-section elementor-top-section elementor-element elementor-element-18448f18 elementor-section-boxed elementor-section-height-default elementor-section-height-default\" data-id=\"18448f18\" data-element_type=\"section\" data-e-type=\"section\" data-settings=\"{&quot;background_background&quot;:&quot;classic&quot;}\">\n\t\t\t\t\t\t<div class=\"elementor-container elementor-column-gap-default\">\n\t\t\t\t\t<div class=\"elementor-column elementor-col-100 elementor-top-column elementor-element elementor-element-78fa8459\" data-id=\"78fa8459\" data-element_type=\"column\" data-e-type=\"column\">\n\t\t\t<div class=\"elementor-widget-wrap elementor-element-populated\">\n\t\t\t\t\t\t<section class=\"elementor-section elementor-inner-section elementor-element elementor-element-7c0be187 elementor-section-boxed elementor-section-height-default elementor-section-height-default\" data-id=\"7c0be187\" data-element_type=\"section\" data-e-type=\"section\">\n\t\t\t\t\t\t<div class=\"elementor-container elementor-column-gap-default\">\n\t\t\t\t\t<div class=\"elementor-column elementor-col-50 elementor-inner-column elementor-element elementor-element-780b82da\" data-id=\"780b82da\" data-element_type=\"column\" data-e-type=\"column\" data-settings=\"{&quot;background_background&quot;:&quot;classic&quot;}\">\n\t\t\t<div class=\"elementor-widget-wrap elementor-element-populated\">\n\t\t\t\t\t\t<div class=\"elementor-element elementor-element-6248ec12 elementor-widget elementor-widget-heading\" data-id=\"6248ec12\" data-element_type=\"widget\" data-e-type=\"widget\" data-widget_type=\"heading.default\">\n\t\t\t\t<div class=\"elementor-widget-container\">\n\t\t\t\t\t<h5 class=\"elementor-heading-title elementor-size-large\">\u00bfC\u00f3mo funciona?\n<\/h5>\t\t\t\t<\/div>\n\t\t\t\t<\/div>\n\t\t\t\t\t<\/div>\n\t\t<\/div>\n\t\t\t\t<div class=\"elementor-column elementor-col-50 elementor-inner-column elementor-element elementor-element-17952fef\" data-id=\"17952fef\" data-element_type=\"column\" data-e-type=\"column\">\n\t\t\t<div class=\"elementor-widget-wrap elementor-element-populated\">\n\t\t\t\t\t\t<div class=\"elementor-element elementor-element-54127c6c elementor-widget elementor-widget-text-editor\" data-id=\"54127c6c\" data-element_type=\"widget\" data-e-type=\"widget\" data-widget_type=\"text-editor.default\">\n\t\t\t\t<div class=\"elementor-widget-container\">\n\t\t\t\t\t\t\t\t\t<p><\/p><ol><li>Asignamos un buz\u00f3n a la web de tu empresa, adem\u00e1s de email, n\u00famero de tel\u00e9fono y direcci\u00f3n postal y <strong>\u00a1Listo para funcionar!<\/strong><\/li><li>Las personas vinculadas a la empresa usan el buz\u00f3n seg\u00fan los requisitos de la <strong>Directiva 2019\/937<\/strong>.<\/li><li>El mentor \u00e9tico de <strong>Viadenuncia<\/strong> analiza el caso y propone una soluci\u00f3n adaptada a la empresa.<\/li><li>El usuario podr\u00e1 acceder al estado de su comunicaci\u00f3n y todo se lleva a cabo dentro de unos <b>plazos establecidos.<\/b><\/li><\/ol><p><\/li><\/ol>\t\t\t\t\t\t\t\t<\/div>\n\t\t\t\t<\/div>\n\t\t\t\t\t<\/div>\n\t\t<\/div>\n\t\t\t\t\t<\/div>\n\t\t<\/section>\n\t\t\t\t\t<\/div>\n\t\t<\/div>\n\t\t\t\t\t<\/div>\n\t\t<\/section>\n\t\t\t\t<section class=\"elementor-section elementor-top-section elementor-element elementor-element-1aea0658 elementor-section-boxed elementor-section-height-default elementor-section-height-default\" data-id=\"1aea0658\" data-element_type=\"section\" data-e-type=\"section\" data-settings=\"{&quot;background_background&quot;:&quot;classic&quot;}\">\n\t\t\t\t\t\t<div class=\"elementor-container elementor-column-gap-default\">\n\t\t\t\t\t<div class=\"elementor-column elementor-col-100 elementor-top-column elementor-element elementor-element-fa896be\" data-id=\"fa896be\" data-element_type=\"column\" data-e-type=\"column\">\n\t\t\t<div class=\"elementor-widget-wrap elementor-element-populated\">\n\t\t\t\t\t\t<section class=\"elementor-section elementor-inner-section elementor-element elementor-element-569c2c74 elementor-section-boxed elementor-section-height-default elementor-section-height-default\" data-id=\"569c2c74\" data-element_type=\"section\" data-e-type=\"section\">\n\t\t\t\t\t\t<div class=\"elementor-container elementor-column-gap-default\">\n\t\t\t\t\t<div class=\"elementor-column elementor-col-50 elementor-inner-column elementor-element elementor-element-4b38b2c4\" data-id=\"4b38b2c4\" data-element_type=\"column\" data-e-type=\"column\" data-settings=\"{&quot;background_background&quot;:&quot;classic&quot;}\">\n\t\t\t<div class=\"elementor-widget-wrap elementor-element-populated\">\n\t\t\t\t\t\t<div class=\"elementor-element elementor-element-6deacf21 elementor-widget elementor-widget-heading\" data-id=\"6deacf21\" data-element_type=\"widget\" data-e-type=\"widget\" data-widget_type=\"heading.default\">\n\t\t\t\t<div class=\"elementor-widget-container\">\n\t\t\t\t\t<h3 class=\"elementor-heading-title elementor-size-default\">\u00bfQu\u00e9 ofrecemos?\n<\/h3>\t\t\t\t<\/div>\n\t\t\t\t<\/div>\n\t\t\t\t\t<\/div>\n\t\t<\/div>\n\t\t\t\t<div class=\"elementor-column elementor-col-50 elementor-inner-column elementor-element elementor-element-8b39fbe\" data-id=\"8b39fbe\" data-element_type=\"column\" data-e-type=\"column\" data-settings=\"{&quot;background_background&quot;:&quot;classic&quot;}\">\n\t\t\t<div class=\"elementor-widget-wrap elementor-element-populated\">\n\t\t\t\t\t\t<div class=\"elementor-element elementor-element-64c84257 elementor-widget elementor-widget-text-editor\" data-id=\"64c84257\" data-element_type=\"widget\" data-e-type=\"widget\" data-widget_type=\"text-editor.default\">\n\t\t\t\t<div class=\"elementor-widget-container\">\n\t\t\t\t\t\t\t\t\t<p><\/li><\/ol><ol><li><strong><span style=\"color: #800000;\">SEGURIDAD<\/span><\/strong>: toda la infraestructura inform\u00e1tica es propia.<\/li><li><strong><span style=\"color: #800000;\">CONFIDENCIALIDAD<\/span><\/strong>: sea an\u00f3nima o no la denuncia, siempre mantendremos el estricto secreto profesional.<\/li><li><span style=\"color: #800000;\"><strong>I<\/strong><strong><span style=\"color: #800000;\">N<\/span>DEPENDENCIA<\/strong><\/span>: la confianza de la Transparencia est\u00e1 garantizada,\u00a0 somos gestores externos.<\/li><li><strong><span style=\"color: #800000;\">MEDIACI\u00d3N<\/span><\/strong>: ayudamos a prevenir y resolver conflictos y as\u00ed evitar litigios.<\/li><li><span style=\"color: #800000;\"><strong>SUBVENCIONES<\/strong><\/span>: cumplimos y\u00a0 ayudamos a cumplir la normativa necesaria para obtener los <strong>Fondos Next Generation.<\/strong><\/li><\/ol>\t\t\t\t\t\t\t\t<\/div>\n\t\t\t\t<\/div>\n\t\t\t\t\t<\/div>\n\t\t<\/div>\n\t\t\t\t\t<\/div>\n\t\t<\/section>\n\t\t\t\t\t<\/div>\n\t\t<\/div>\n\t\t\t\t\t<\/div>\n\t\t<\/section>\n\t\t\t\t<section class=\"elementor-section elementor-top-section elementor-element elementor-element-76c0a9cb elementor-section-boxed elementor-section-height-default elementor-section-height-default\" data-id=\"76c0a9cb\" data-element_type=\"section\" data-e-type=\"section\" data-settings=\"{&quot;background_background&quot;:&quot;classic&quot;}\">\n\t\t\t\t\t\t<div class=\"elementor-container elementor-column-gap-default\">\n\t\t\t\t\t<div class=\"elementor-column elementor-col-100 elementor-top-column elementor-element elementor-element-6b83f7b1\" data-id=\"6b83f7b1\" data-element_type=\"column\" data-e-type=\"column\">\n\t\t\t<div class=\"elementor-widget-wrap elementor-element-populated\">\n\t\t\t\t\t\t<section class=\"elementor-section elementor-inner-section elementor-element elementor-element-688e8195 elementor-section-boxed elementor-section-height-default elementor-section-height-default\" data-id=\"688e8195\" data-element_type=\"section\" data-e-type=\"section\">\n\t\t\t\t\t\t<div class=\"elementor-container elementor-column-gap-default\">\n\t\t\t\t\t<div class=\"elementor-column elementor-col-50 elementor-inner-column elementor-element elementor-element-2540fcf9\" data-id=\"2540fcf9\" data-element_type=\"column\" data-e-type=\"column\" data-settings=\"{&quot;background_background&quot;:&quot;classic&quot;}\">\n\t\t\t<div class=\"elementor-widget-wrap elementor-element-populated\">\n\t\t\t\t\t\t<div class=\"elementor-element elementor-element-7b1e2247 elementor-widget elementor-widget-heading\" data-id=\"7b1e2247\" data-element_type=\"widget\" data-e-type=\"widget\" data-widget_type=\"heading.default\">\n\t\t\t\t<div class=\"elementor-widget-container\">\n\t\t\t\t\t<h4 class=\"elementor-heading-title elementor-size-default\">Cont\u00e1ctanos\n<\/h4>\t\t\t\t<\/div>\n\t\t\t\t<\/div>\n\t\t\t\t\t<\/div>\n\t\t<\/div>\n\t\t\t\t<div class=\"elementor-column elementor-col-50 elementor-inner-column elementor-element elementor-element-6914f72d\" data-id=\"6914f72d\" data-element_type=\"column\" data-e-type=\"column\">\n\t\t\t<div class=\"elementor-widget-wrap elementor-element-populated\">\n\t\t\t\t\t\t<div class=\"elementor-element elementor-element-f7ca0e2 elementor-widget elementor-widget-text-editor\" data-id=\"f7ca0e2\" data-element_type=\"widget\" data-e-type=\"widget\" data-widget_type=\"text-editor.default\">\n\t\t\t\t<div class=\"elementor-widget-container\">\n\t\t\t\t\t\t\t\t\t<p>[contact-form-7 id=\u00bb2501&#8243; title=\u00bbContacto simple\u00bb]<\/p><p><\/p>\t\t\t\t\t\t\t\t<\/div>\n\t\t\t\t<\/div>\n\t\t\t\t\t<\/div>\n\t\t<\/div>\n\t\t\t\t\t<\/div>\n\t\t<\/section>\n\t\t\t\t\t<\/div>\n\t\t<\/div>\n\t\t\t\t\t<\/div>\n\t\t<\/section>\n\t\t\t\t<\/div>\n\t\t","protected":false},"excerpt":{"rendered":"<p>viadenuncia Pymes y micropymes viadenuncia Mejorando tu imagen corporativa \u00bfTiene tu empresa menos de 50 trabajadores? \u00bfRealizas alguna actividad vinculada a la Administraci\u00f3n p\u00fablica? \u00bfEst\u00e1 sujeta a cualquier de los \u00e1mbitos que abarca la Directiva 2019\/1937?&#8230; entonces tienes que disponer de forma obligatoria\u00a0 de un espacio donde los consumidores, proveedores,<a class=\"moretag\" href=\"https:\/\/viadenuncia.net\/es\/canales-de-comunicacion\/pymes-y-micropymes\/\"> Read more<\/a><\/p>\n","protected":false},"author":3,"featured_media":0,"parent":341,"menu_order":3,"comment_status":"closed","ping_status":"closed","template":"elementor_header_footer","meta":{"footnotes":""},"class_list":["post-2597","page","type-page","status-publish","hentry"],"jetpack_sharing_enabled":true,"_links":{"self":[{"href":"https:\/\/viadenuncia.net\/es\/wp-json\/wp\/v2\/pages\/2597","targetHints":{"allow":["GET"]}}],"collection":[{"href":"https:\/\/viadenuncia.net\/es\/wp-json\/wp\/v2\/pages"}],"about":[{"href":"https:\/\/viadenuncia.net\/es\/wp-json\/wp\/v2\/types\/page"}],"author":[{"embeddable":true,"href":"https:\/\/viadenuncia.net\/es\/wp-json\/wp\/v2\/users\/3"}],"replies":[{"embeddable":true,"href":"https:\/\/viadenuncia.net\/es\/wp-json\/wp\/v2\/comments?post=2597"}],"version-history":[{"count":30,"href":"https:\/\/viadenuncia.net\/es\/wp-json\/wp\/v2\/pages\/2597\/revisions"}],"predecessor-version":[{"id":2895,"href":"https:\/\/viadenuncia.net\/es\/wp-json\/wp\/v2\/pages\/2597\/revisions\/2895"}],"up":[{"embeddable":true,"href":"https:\/\/viadenuncia.net\/es\/wp-json\/wp\/v2\/pages\/341"}],"wp:attachment":[{"href":"https:\/\/viadenuncia.net\/es\/wp-json\/wp\/v2\/media?parent=2597"}],"curies":[{"name":"wp","href":"https:\/\/api.w.org\/{rel}","templated":true}]}}