{"id":700,"date":"2021-04-02T18:16:51","date_gmt":"2021-04-02T16:16:51","guid":{"rendered":"https:\/\/viadenuncia.net\/?page_id=700"},"modified":"2022-11-21T09:57:14","modified_gmt":"2022-11-21T08:57:14","slug":"premios","status":"publish","type":"page","link":"https:\/\/viadenuncia.net\/en\/premios\/","title":{"rendered":"Awards"},"content":{"rendered":"\t\t<div data-elementor-type=\"wp-page\" data-elementor-id=\"700\" class=\"elementor elementor-700\" data-elementor-post-type=\"page\">\n\t\t\t\t\t\t<section class=\"elementor-section elementor-top-section elementor-element elementor-element-7bf0fae4 elementor-section-full_width elementor-section-height-default elementor-section-height-default\" data-id=\"7bf0fae4\" data-element_type=\"section\" data-e-type=\"section\">\n\t\t\t\t\t\t\t<div class=\"elementor-background-overlay\"><\/div>\n\t\t\t\t\t\t\t<div class=\"elementor-container elementor-column-gap-default\">\n\t\t\t\t\t<div class=\"elementor-column elementor-col-100 elementor-top-column elementor-element elementor-element-6373e8cf\" data-id=\"6373e8cf\" data-element_type=\"column\" data-e-type=\"column\">\n\t\t\t<div class=\"elementor-widget-wrap elementor-element-populated\">\n\t\t\t\t\t\t<div class=\"elementor-element elementor-element-567d0321 elementor-widget elementor-widget-text-editor\" data-id=\"567d0321\" data-element_type=\"widget\" data-e-type=\"widget\" data-widget_type=\"text-editor.default\">\n\t\t\t\t<div class=\"elementor-widget-container\">\n\t\t\t\t\t\t\t\t\t<p>viadenuncia<\/p>\t\t\t\t\t\t\t\t<\/div>\n\t\t\t\t<\/div>\n\t\t\t\t<div class=\"elementor-element elementor-element-26404205 elementor-widget elementor-widget-heading\" data-id=\"26404205\" data-element_type=\"widget\" data-e-type=\"widget\" data-widget_type=\"heading.default\">\n\t\t\t\t<div class=\"elementor-widget-container\">\n\t\t\t\t\t<h1 class=\"elementor-heading-title elementor-size-default\">Guardons<\/h1>\t\t\t\t<\/div>\n\t\t\t\t<\/div>\n\t\t\t\t\t<\/div>\n\t\t<\/div>\n\t\t\t\t\t<\/div>\n\t\t<\/section>\n\t\t\t\t<section class=\"elementor-section elementor-top-section elementor-element elementor-element-1540deb elementor-section-boxed elementor-section-height-default elementor-section-height-default\" data-id=\"1540deb\" data-element_type=\"section\" data-e-type=\"section\">\n\t\t\t\t\t\t\t<div class=\"elementor-background-overlay\"><\/div>\n\t\t\t\t\t\t\t<div class=\"elementor-container elementor-column-gap-default\">\n\t\t\t\t\t<div class=\"elementor-column elementor-col-100 elementor-top-column elementor-element elementor-element-211f2b8\" data-id=\"211f2b8\" data-element_type=\"column\" data-e-type=\"column\">\n\t\t\t<div class=\"elementor-widget-wrap elementor-element-populated\">\n\t\t\t\t\t\t<div class=\"elementor-element elementor-element-5d494c0 elementor-widget elementor-widget-heading\" data-id=\"5d494c0\" data-element_type=\"widget\" data-e-type=\"widget\" data-widget_type=\"heading.default\">\n\t\t\t\t<div class=\"elementor-widget-container\">\n\t\t\t\t\t<h4 class=\"elementor-heading-title elementor-size-default\">viadenuncia<\/h4>\t\t\t\t<\/div>\n\t\t\t\t<\/div>\n\t\t\t\t<div class=\"elementor-element elementor-element-e0f86f3 elementor-widget elementor-widget-heading\" data-id=\"e0f86f3\" data-element_type=\"widget\" data-e-type=\"widget\" data-widget_type=\"heading.default\">\n\t\t\t\t<div class=\"elementor-widget-container\">\n\t\t\t\t\t<h2 class=\"elementor-heading-title elementor-size-default\">PREMIOS E-TECH 2022<\/h2>\t\t\t\t<\/div>\n\t\t\t\t<\/div>\n\t\t\t\t<div class=\"elementor-element elementor-element-adb3805 elementor-widget elementor-widget-image\" data-id=\"adb3805\" data-element_type=\"widget\" data-e-type=\"widget\" data-widget_type=\"image.default\">\n\t\t\t\t<div class=\"elementor-widget-container\">\n\t\t\t\t\t\t\t\t\t\t\t\t\t\t\t<img decoding=\"async\" width=\"300\" height=\"70\" src=\"https:\/\/viadenuncia.net\/wp-content\/uploads\/sites\/3\/2022\/11\/logo-fosc-300x70.png\" class=\"attachment-medium size-medium wp-image-3023\" alt=\"(Espa\u00f1ol) premis e-etech\" srcset=\"https:\/\/viadenuncia.net\/wp-content\/uploads\/sites\/3\/2022\/11\/logo-fosc-300x70.png 300w, https:\/\/viadenuncia.net\/wp-content\/uploads\/sites\/3\/2022\/11\/logo-fosc.png 615w\" sizes=\"(max-width: 300px) 100vw, 300px\" \/>\t\t\t\t\t\t\t\t\t\t\t\t\t\t\t<\/div>\n\t\t\t\t<\/div>\n\t\t\t\t<div class=\"elementor-element elementor-element-2333b0f elementor-widget elementor-widget-text-editor\" data-id=\"2333b0f\" data-element_type=\"widget\" data-e-type=\"widget\" data-widget_type=\"text-editor.default\">\n\t\t\t\t<div class=\"elementor-widget-container\">\n\t\t\t\t\t\t\t\t\t\n<h3><strong>La b\u00fastia de den\u00fancies de la Directiva 2019\/1937 de VIADENUNCIA, de nou, premiat.<\/strong><\/h3>\n<p>\u201c<strong>Condo<\/strong>r\u201d, el canal de den\u00fancies dissenyat per<strong> VIADENUNCIA, S.L<\/strong>., i que \u00e9s l&#8217;utilitzat per diverses institucions p\u00fabliques espanyoles i europees, aix\u00ed com per <strong>ASPERTIC<\/strong>, com a canal de den\u00fancies extern de la Directiva 2019\/1937, ha estat guardonat, d&#8217;entre 43 projectes seleccionats, als <a href=\"https:\/\/www.premisetech.com\/premis-e-tech-2022-aquests-han-estat-els-guanyadors\/\" target=\"_blank\" rel=\"noopener\">premis E-TECH-2022.<\/a><\/p>\n\n<p>Aix\u00ed es recompensa als millors projectes i aportacions de l&#8217;any 2022 en l&#8217;\u00e0mbit de les noves tecnologies espanyoles i especialment aquelles que s&#8217;han posat en marxa a Girona.<\/p>\n\n<p>La primera b\u00fastia de den\u00fancies desenvolupada per a la <strong>Directiva Whistleblowers<\/strong>, que \u00e9s d&#8217;obligat\u00f2ria posada en marxa per a totes les empreses amb m\u00e9s de cinquanta treballadors i en totes les administracions p\u00fabliques, ha estat triat finalista en l&#8217;apartat a la \u201c<span style=\"text-decoration: underline;\">millor iniciativa en l&#8217;\u00e0mbit en l&#8217;administraci\u00f3 local<\/span>\u201d. Tamb\u00e9 ha obtingut el primer premi en l&#8217;apartat a la \u201c<span style=\"text-decoration: underline;\">millor gesti\u00f3 en llengua i comunicaci\u00f3 de les TIC<\/span>\u201d perqu\u00e8 permet la redacci\u00f3 de den\u00fancies, an\u00f2nimes o no, en qualsevol idioma de la Uni\u00f3 o de l&#8217;Estat espanyol. El procediment, establert \u00fanic europeu, pot fer-se independentment d&#8217;idiomes i davanteres, aix\u00ed com el seu seguiment.<\/p>\n\n<p>Laura Mora, CEO de <strong>Viadenuncia i Capa8, S.L<\/strong>. es va encarregar de recollir els premis el passat dia 14 de novembre a l&#8217;auditori Josep Anar-la de Girona.<\/p>\n<p><strong>ASPERTIC-VIADENUNCIA<\/strong> van ser tamb\u00e9 premiats, juntament amb els seus promotors, Josep Jover i Fruit\u00f3s Richarte, amb els premis DIARIO16-2021. En aquest cas, el mitj\u00e0 va recompensar la creaci\u00f3 d&#8217;eines de lluita contra la corrupci\u00f3 i el comprom\u00eds personal de tots dos juristes que va portar a la posada en marxa de la Directiva d&#8217;alertadors d&#8217;infraccions al Dret de la Uni\u00f3.\n<strong>ASPERTIC<\/strong> va ser reconeguda judicialment ja com a <a href=\"https:\/\/viadenuncia.net\/blog-aspertic-viadenuncia-autoridad-competente\/\" target=\"_blank\" rel=\"noopener\"><strong>AUTORITAT COMPETENT EUROPEA<\/strong><\/a> en temes de la Directiva 2019\/1937 al febrer de 2022.<\/p>\n\n<p>Volem agrair als nostres amics, clients i seguidors la confian\u00e7a dipositada en nosaltres.<\/p>\t\t\t\t\t\t\t\t<\/div>\n\t\t\t\t<\/div>\n\t\t\t\t\t<\/div>\n\t\t<\/div>\n\t\t\t\t\t<\/div>\n\t\t<\/section>\n\t\t\t\t<section class=\"elementor-section elementor-top-section elementor-element elementor-element-52ba1297 elementor-section-boxed elementor-section-height-default elementor-section-height-default\" data-id=\"52ba1297\" data-element_type=\"section\" data-e-type=\"section\">\n\t\t\t\t\t\t\t<div class=\"elementor-background-overlay\"><\/div>\n\t\t\t\t\t\t\t<div class=\"elementor-container elementor-column-gap-default\">\n\t\t\t\t\t<div class=\"elementor-column elementor-col-100 elementor-top-column elementor-element elementor-element-5a5fc28c\" data-id=\"5a5fc28c\" data-element_type=\"column\" data-e-type=\"column\">\n\t\t\t<div class=\"elementor-widget-wrap elementor-element-populated\">\n\t\t\t\t\t\t<div class=\"elementor-element elementor-element-53e2c169 elementor-widget elementor-widget-heading\" data-id=\"53e2c169\" data-element_type=\"widget\" data-e-type=\"widget\" data-widget_type=\"heading.default\">\n\t\t\t\t<div class=\"elementor-widget-container\">\n\t\t\t\t\t<h4 class=\"elementor-heading-title elementor-size-default\">viadenuncia<\/h4>\t\t\t\t<\/div>\n\t\t\t\t<\/div>\n\t\t\t\t<div class=\"elementor-element elementor-element-1741922b elementor-widget elementor-widget-heading\" data-id=\"1741922b\" data-element_type=\"widget\" data-e-type=\"widget\" data-widget_type=\"heading.default\">\n\t\t\t\t<div class=\"elementor-widget-container\">\n\t\t\t\t\t<h2 class=\"elementor-heading-title elementor-size-default\">Premi a la millor iniciativa empresarial 2020 per Borme Online<\/h2>\t\t\t\t<\/div>\n\t\t\t\t<\/div>\n\t\t\t\t\t<\/div>\n\t\t<\/div>\n\t\t\t\t\t<\/div>\n\t\t<\/section>\n\t\t\t\t<section class=\"elementor-section elementor-top-section elementor-element elementor-element-55cf89a0 elementor-section-boxed elementor-section-height-default elementor-section-height-default\" data-id=\"55cf89a0\" data-element_type=\"section\" data-e-type=\"section\">\n\t\t\t\t\t\t\t<div class=\"elementor-background-overlay\"><\/div>\n\t\t\t\t\t\t\t<div class=\"elementor-container elementor-column-gap-default\">\n\t\t\t\t\t<div class=\"elementor-column elementor-col-50 elementor-top-column elementor-element elementor-element-7feb5926\" data-id=\"7feb5926\" data-element_type=\"column\" data-e-type=\"column\">\n\t\t\t<div class=\"elementor-widget-wrap elementor-element-populated\">\n\t\t\t\t\t\t<div class=\"elementor-element elementor-element-27157984 elementor-widget elementor-widget-image\" data-id=\"27157984\" data-element_type=\"widget\" data-e-type=\"widget\" data-widget_type=\"image.default\">\n\t\t\t\t<div class=\"elementor-widget-container\">\n\t\t\t\t\t\t\t\t\t\t\t\t\t\t\t<img fetchpriority=\"high\" decoding=\"async\" width=\"750\" height=\"750\" src=\"https:\/\/viadenuncia.net\/wp-content\/uploads\/sites\/3\/2021\/04\/premio-mejor-iniciativa-empresarial.jpg\" class=\"attachment-large size-large wp-image-703\" alt=\"\" srcset=\"https:\/\/viadenuncia.net\/wp-content\/uploads\/sites\/3\/2021\/04\/premio-mejor-iniciativa-empresarial.jpg 1000w, https:\/\/viadenuncia.net\/wp-content\/uploads\/sites\/3\/2021\/04\/premio-mejor-iniciativa-empresarial-300x300.jpg 300w, https:\/\/viadenuncia.net\/wp-content\/uploads\/sites\/3\/2021\/04\/premio-mejor-iniciativa-empresarial-150x150.jpg 150w, https:\/\/viadenuncia.net\/wp-content\/uploads\/sites\/3\/2021\/04\/premio-mejor-iniciativa-empresarial-768x768.jpg 768w\" sizes=\"(max-width: 750px) 100vw, 750px\" \/>\t\t\t\t\t\t\t\t\t\t\t\t\t\t\t<\/div>\n\t\t\t\t<\/div>\n\t\t\t\t\t<\/div>\n\t\t<\/div>\n\t\t\t\t<div class=\"elementor-column elementor-col-50 elementor-top-column elementor-element elementor-element-15eafd0d\" data-id=\"15eafd0d\" data-element_type=\"column\" data-e-type=\"column\">\n\t\t\t<div class=\"elementor-widget-wrap elementor-element-populated\">\n\t\t\t\t\t\t<div class=\"elementor-element elementor-element-6e4d99b1 elementor-widget elementor-widget-heading\" data-id=\"6e4d99b1\" data-element_type=\"widget\" data-e-type=\"widget\" data-widget_type=\"heading.default\">\n\t\t\t\t<div class=\"elementor-widget-container\">\n\t\t\t\t\t<h3 class=\"elementor-heading-title elementor-size-default\">bormeonline.com<\/h3>\t\t\t\t<\/div>\n\t\t\t\t<\/div>\n\t\t\t\t<div class=\"elementor-element elementor-element-4bb3606b elementor-widget elementor-widget-text-editor\" data-id=\"4bb3606b\" data-element_type=\"widget\" data-e-type=\"widget\" data-widget_type=\"text-editor.default\">\n\t\t\t\t<div class=\"elementor-widget-container\">\n\t\t\t\t\t\t\t\t\t<p><strong>ACTA DE LA REUNI\u00d3N DEL JURADO PARA LA CONCESI\u00d3N DEL PREMIO A LA MEJOR INICIATIVA EMPRESARIAL<\/strong> <br \/><strong>&#8211; III EDICI\u00d3N &#8211;<\/strong><\/p><p>Miembros del Jurado: <br \/><em>Don Jos\u00e9 Vicente Lucas:<\/em> Consejero Delegado del grupo \u201csaberlotodo.com\u201d, en su calidad de Presidente. <br \/><em>Don Rub\u00e9n Vico Abad:<\/em> miembro de Borme On Line, en su calidad de Vocal <br \/><em>Do\u00f1a Maria Salom\u00e9 Martin Camacho:<\/em> miembro de megainformes en su calidad de Vocal<\/p><p>Lugar y fecha: Alicante, el 17 de diciembre de 2020 a las 18,00 h.<\/p><p>De acuerdo con los criterios de puntuaci\u00f3n contenidos en las Bases de los Premios, el Jurado, tras analizar y valorar la trayectoria profesional y los proyectos presentados, decide otorgar el Premio BORME-ONLINE a la mejor iniciativa empresarial 2020 al proyecto <strong>\u201cVIADENUNCIA\u201d<\/strong> de adaptaci\u00f3n a la normativa de la Directiva 2019\/1937 DIRECTIVA (UE) 2019\/1937 DEL PARLAMENTO EUROPEO Y DEL CONSEJO de 23 de octubre de 2019 relativa a la protecci\u00f3n de las personas que informen sobre infracciones del Derecho de la Uni\u00f3n.<\/p><p>Razones que justifican la concesi\u00f3n: <br \/>La evaluaci\u00f3n del impacto del proyecto presentado y la trayectoria el favor de los denunciantes de corrupci\u00f3n de los autores que ha sido esencial para la aprobaci\u00f3n de la Directiva.<\/p><p>Y para que as\u00ed conste, lo firman en Madrid, a 17 de diciembre de 2020<\/p><p>El Presidente\u00a0\u00a0\u00a0\u00a0\u00a0\u00a0\u00a0\u00a0\u00a0\u00a0\u00a0\u00a0\u00a0\u00a0\u00a0\u00a0\u00a0\u00a0\u00a0\u00a0\u00a0\u00a0\u00a0\u00a0\u00a0\u00a0\u00a0\u00a0\u00a0\u00a0\u00a0\u00a0\u00a0\u00a0\u00a0\u00a0\u00a0\u00a0\u00a0\u00a0\u00a0\u00a0\u00a0\u00a0\u00a0\u00a0\u00a0\u00a0\u00a0\u00a0\u00a0\u00a0\u00a0\u00a0\u00a0\u00a0\u00a0\u00a0\u00a0\u00a0\u00a0\u00a0\u00a0\u00a0\u00a0\u00a0\u00a0\u00a0\u00a0\u00a0\u00a0\u00a0\u00a0\u00a0\u00a0\u00a0\u00a0\u00a0\u00a0\u00a0\u00a0\u00a0\u00a0\u00a0\u00a0\u00a0\u00a0\u00a0\u00a0\u00a0\u00a0\u00a0\u00a0\u00a0\u00a0\u00a0\u00a0\u00a0\u00a0\u00a0\u00a0 El Secretario<\/p>\t\t\t\t\t\t\t\t<\/div>\n\t\t\t\t<\/div>\n\t\t\t\t\t<\/div>\n\t\t<\/div>\n\t\t\t\t\t<\/div>\n\t\t<\/section>\n\t\t\t\t<section class=\"elementor-section elementor-top-section elementor-element elementor-element-1b551ee0 elementor-section-boxed elementor-section-height-default elementor-section-height-default\" data-id=\"1b551ee0\" data-element_type=\"section\" data-e-type=\"section\">\n\t\t\t\t\t\t\t<div class=\"elementor-background-overlay\"><\/div>\n\t\t\t\t\t\t\t<div class=\"elementor-container elementor-column-gap-default\">\n\t\t\t\t\t<div class=\"elementor-column elementor-col-100 elementor-top-column elementor-element elementor-element-26e6ad1\" data-id=\"26e6ad1\" data-element_type=\"column\" data-e-type=\"column\">\n\t\t\t<div class=\"elementor-widget-wrap elementor-element-populated\">\n\t\t\t\t\t\t<div class=\"elementor-element elementor-element-516fc7fe elementor-widget elementor-widget-heading\" data-id=\"516fc7fe\" data-element_type=\"widget\" data-e-type=\"widget\" data-widget_type=\"heading.default\">\n\t\t\t\t<div class=\"elementor-widget-container\">\n\t\t\t\t\t<h4 class=\"elementor-heading-title elementor-size-default\">viadenuncia<\/h4>\t\t\t\t<\/div>\n\t\t\t\t<\/div>\n\t\t\t\t<div class=\"elementor-element elementor-element-41f9e83a elementor-widget elementor-widget-heading\" data-id=\"41f9e83a\" data-element_type=\"widget\" data-e-type=\"widget\" data-widget_type=\"heading.default\">\n\t\t\t\t<div class=\"elementor-widget-container\">\n\t\t\t\t\t<h2 class=\"elementor-heading-title elementor-size-default\">Altres<\/h2>\t\t\t\t<\/div>\n\t\t\t\t<\/div>\n\t\t\t\t\t<\/div>\n\t\t<\/div>\n\t\t\t\t\t<\/div>\n\t\t<\/section>\n\t\t\t\t<section class=\"elementor-section elementor-top-section elementor-element elementor-element-2666e5ab elementor-section-boxed elementor-section-height-default elementor-section-height-default\" data-id=\"2666e5ab\" data-element_type=\"section\" data-e-type=\"section\">\n\t\t\t\t\t\t\t<div class=\"elementor-background-overlay\"><\/div>\n\t\t\t\t\t\t\t<div class=\"elementor-container elementor-column-gap-default\">\n\t\t\t\t\t<div class=\"elementor-column elementor-col-50 elementor-top-column elementor-element elementor-element-45bedcb8\" data-id=\"45bedcb8\" data-element_type=\"column\" data-e-type=\"column\">\n\t\t\t<div class=\"elementor-widget-wrap elementor-element-populated\">\n\t\t\t\t\t\t<div class=\"elementor-element elementor-element-14457afb elementor-widget elementor-widget-image\" data-id=\"14457afb\" data-element_type=\"widget\" data-e-type=\"widget\" data-widget_type=\"image.default\">\n\t\t\t\t<div class=\"elementor-widget-container\">\n\t\t\t\t\t\t\t\t\t\t\t\t\t\t\t<img decoding=\"async\" width=\"750\" height=\"583\" src=\"https:\/\/viadenuncia.net\/wp-content\/uploads\/sites\/3\/2021\/03\/viadenuncia_portada_parlament.jpg\" class=\"attachment-large size-large wp-image-266\" alt=\"\" srcset=\"https:\/\/viadenuncia.net\/wp-content\/uploads\/sites\/3\/2021\/03\/viadenuncia_portada_parlament.jpg 900w, https:\/\/viadenuncia.net\/wp-content\/uploads\/sites\/3\/2021\/03\/viadenuncia_portada_parlament-300x233.jpg 300w, https:\/\/viadenuncia.net\/wp-content\/uploads\/sites\/3\/2021\/03\/viadenuncia_portada_parlament-768x597.jpg 768w\" sizes=\"(max-width: 750px) 100vw, 750px\" \/>\t\t\t\t\t\t\t\t\t\t\t\t\t\t\t<\/div>\n\t\t\t\t<\/div>\n\t\t\t\t\t<\/div>\n\t\t<\/div>\n\t\t\t\t<div class=\"elementor-column elementor-col-50 elementor-top-column elementor-element elementor-element-4828fbba\" data-id=\"4828fbba\" data-element_type=\"column\" data-e-type=\"column\">\n\t\t\t<div class=\"elementor-widget-wrap elementor-element-populated\">\n\t\t\t\t\t\t<div class=\"elementor-element elementor-element-654cc16b elementor-widget elementor-widget-heading\" data-id=\"654cc16b\" data-element_type=\"widget\" data-e-type=\"widget\" data-widget_type=\"heading.default\">\n\t\t\t\t<div class=\"elementor-widget-container\">\n\t\t\t\t\t<h3 class=\"elementor-heading-title elementor-size-default\">Propostes de Guardons i mencions en curs<\/h3>\t\t\t\t<\/div>\n\t\t\t\t<\/div>\n\t\t\t\t<div class=\"elementor-element elementor-element-1fe35078 elementor-widget elementor-widget-text-editor\" data-id=\"1fe35078\" data-element_type=\"widget\" data-e-type=\"widget\" data-widget_type=\"text-editor.default\">\n\t\t\t\t<div class=\"elementor-widget-container\">\n\t\t\t\t\t\t\t\t\tViadenuncia ha estat proposada pel &#8220;grup diario16&#8221; de premsa al premi<strong> DIARIO16 2021<\/strong> per la aportaci\u00f3 als valors \u00e9tics de la societat europea.\t\t\t\t\t\t\t\t<\/div>\n\t\t\t\t<\/div>\n\t\t\t\t\t<\/div>\n\t\t<\/div>\n\t\t\t\t\t<\/div>\n\t\t<\/section>\n\t\t\t\t<\/div>\n\t\t","protected":false},"excerpt":{"rendered":"<p>viadenuncia Awards viadenuncia PREMIOS E-TECH 2022 VIADENUNCIA&#8217;s 2019\/1937 Directive complaints mailbox, awarded again &#8220;Condor&#8220;, the complaints channel designed by VIADENUNCIA, S.L., and which is used by several Spanish and European public institutions, as well as by ASPERTIC, as an external complaints channel of Directive 2019\/1937, has been awarded, among 43<a class=\"moretag\" href=\"https:\/\/viadenuncia.net\/en\/premios\/\"> Read more<\/a><\/p>\n","protected":false},"author":1,"featured_media":0,"parent":0,"menu_order":0,"comment_status":"closed","ping_status":"closed","template":"elementor_header_footer","meta":{"footnotes":""},"class_list":["post-700","page","type-page","status-publish","hentry"],"jetpack_sharing_enabled":true,"_links":{"self":[{"href":"https:\/\/viadenuncia.net\/en\/wp-json\/wp\/v2\/pages\/700","targetHints":{"allow":["GET"]}}],"collection":[{"href":"https:\/\/viadenuncia.net\/en\/wp-json\/wp\/v2\/pages"}],"about":[{"href":"https:\/\/viadenuncia.net\/en\/wp-json\/wp\/v2\/types\/page"}],"author":[{"embeddable":true,"href":"https:\/\/viadenuncia.net\/en\/wp-json\/wp\/v2\/users\/1"}],"replies":[{"embeddable":true,"href":"https:\/\/viadenuncia.net\/en\/wp-json\/wp\/v2\/comments?post=700"}],"version-history":[{"count":83,"href":"https:\/\/viadenuncia.net\/en\/wp-json\/wp\/v2\/pages\/700\/revisions"}],"predecessor-version":[{"id":3049,"href":"https:\/\/viadenuncia.net\/en\/wp-json\/wp\/v2\/pages\/700\/revisions\/3049"}],"wp:attachment":[{"href":"https:\/\/viadenuncia.net\/en\/wp-json\/wp\/v2\/media?parent=700"}],"curies":[{"name":"wp","href":"https:\/\/api.w.org\/{rel}","templated":true}]}}