{"id":451,"date":"2021-03-28T05:57:48","date_gmt":"2021-03-28T03:57:48","guid":{"rendered":"https:\/\/viadenuncia.net\/?page_id=451"},"modified":"2022-05-09T11:05:43","modified_gmt":"2022-05-09T09:05:43","slug":"legal","status":"publish","type":"page","link":"https:\/\/viadenuncia.net\/en\/legal\/","title":{"rendered":"Legal"},"content":{"rendered":"\t\t<div data-elementor-type=\"wp-page\" data-elementor-id=\"451\" class=\"elementor elementor-451\" data-elementor-post-type=\"page\">\n\t\t\t\t\t\t<section class=\"elementor-section elementor-top-section elementor-element elementor-element-732c1171 elementor-section-full_width elementor-section-height-default elementor-section-height-default\" data-id=\"732c1171\" data-element_type=\"section\" data-e-type=\"section\">\n\t\t\t\t\t\t\t<div class=\"elementor-background-overlay\"><\/div>\n\t\t\t\t\t\t\t<div class=\"elementor-container elementor-column-gap-default\">\n\t\t\t\t\t<div class=\"elementor-column elementor-col-100 elementor-top-column elementor-element elementor-element-26498800\" data-id=\"26498800\" data-element_type=\"column\" data-e-type=\"column\">\n\t\t\t<div class=\"elementor-widget-wrap elementor-element-populated\">\n\t\t\t\t\t\t<div class=\"elementor-element elementor-element-6536f2b7 elementor-widget elementor-widget-text-editor\" data-id=\"6536f2b7\" data-element_type=\"widget\" data-e-type=\"widget\" data-widget_type=\"text-editor.default\">\n\t\t\t\t<div class=\"elementor-widget-container\">\n\t\t\t\t\t\t\t\t\t<p>viadenuncia<\/p>\t\t\t\t\t\t\t\t<\/div>\n\t\t\t\t<\/div>\n\t\t\t\t<div class=\"elementor-element elementor-element-1a4ab926 elementor-widget elementor-widget-heading\" data-id=\"1a4ab926\" data-element_type=\"widget\" data-e-type=\"widget\" data-widget_type=\"heading.default\">\n\t\t\t\t<div class=\"elementor-widget-container\">\n\t\t\t\t\t<h1 class=\"elementor-heading-title elementor-size-default\"> Nota legal, pol\u00edtica de privacidad y cookies<\/h1>\t\t\t\t<\/div>\n\t\t\t\t<\/div>\n\t\t\t\t\t<\/div>\n\t\t<\/div>\n\t\t\t\t\t<\/div>\n\t\t<\/section>\n\t\t\t\t<section class=\"elementor-section elementor-top-section elementor-element elementor-element-4de94a5d elementor-section-boxed elementor-section-height-default elementor-section-height-default\" data-id=\"4de94a5d\" data-element_type=\"section\" data-e-type=\"section\">\n\t\t\t\t\t\t\t<div class=\"elementor-background-overlay\"><\/div>\n\t\t\t\t\t\t\t<div class=\"elementor-container elementor-column-gap-default\">\n\t\t\t\t\t<div class=\"elementor-column elementor-col-100 elementor-top-column elementor-element elementor-element-20534e00\" data-id=\"20534e00\" data-element_type=\"column\" data-e-type=\"column\">\n\t\t\t<div class=\"elementor-widget-wrap elementor-element-populated\">\n\t\t\t\t\t\t<div class=\"elementor-element elementor-element-77a6dd52 elementor-widget elementor-widget-heading\" data-id=\"77a6dd52\" data-element_type=\"widget\" data-e-type=\"widget\" data-widget_type=\"heading.default\">\n\t\t\t\t<div class=\"elementor-widget-container\">\n\t\t\t\t\t<h4 class=\"elementor-heading-title elementor-size-default\">viadenuncia<\/h4>\t\t\t\t<\/div>\n\t\t\t\t<\/div>\n\t\t\t\t<div class=\"elementor-element elementor-element-2e2bf4ae elementor-widget elementor-widget-heading\" data-id=\"2e2bf4ae\" data-element_type=\"widget\" data-e-type=\"widget\" data-widget_type=\"heading.default\">\n\t\t\t\t<div class=\"elementor-widget-container\">\n\t\t\t\t\t<h2 class=\"elementor-heading-title elementor-size-default\">Nota legal, pol\u00edtica de privacidad y galletas<\/h2>\t\t\t\t<\/div>\n\t\t\t\t<\/div>\n\t\t\t\t\t<\/div>\n\t\t<\/div>\n\t\t\t\t\t<\/div>\n\t\t<\/section>\n\t\t\t\t<section class=\"elementor-section elementor-top-section elementor-element elementor-element-1ac660ba elementor-section-boxed elementor-section-height-default elementor-section-height-default\" data-id=\"1ac660ba\" data-element_type=\"section\" data-e-type=\"section\">\n\t\t\t\t\t\t\t<div class=\"elementor-background-overlay\"><\/div>\n\t\t\t\t\t\t\t<div class=\"elementor-container elementor-column-gap-default\">\n\t\t\t\t\t<div class=\"elementor-column elementor-col-100 elementor-top-column elementor-element elementor-element-29e0683c\" data-id=\"29e0683c\" data-element_type=\"column\" data-e-type=\"column\">\n\t\t\t<div class=\"elementor-widget-wrap elementor-element-populated\">\n\t\t\t\t\t\t<div class=\"elementor-element elementor-element-4732cd51 elementor-widget elementor-widget-text-editor\" data-id=\"4732cd51\" data-element_type=\"widget\" data-e-type=\"widget\" data-widget_type=\"text-editor.default\">\n\t\t\t\t<div class=\"elementor-widget-container\">\n\t\t\t\t\t\t\t\t\tEn conformidad con la Ley Org\u00e1nica 3\/2018, de 5 de diciembre, de protecci\u00f3n de datos personales y garant\u00eda de los derechos digitales que desarrolla el <strong>REGLAMENTO (UE) 2016\/679 DEL PARLAMENTO EUROPEO Y DEL CONSEJO de 27 de abril de 2016<\/strong> relativo a la protecci\u00f3n de las personas f\u00edsicas en cuanto al tratamiento de datos personales y a la libre circulaci\u00f3n de estos datos y por el cual se deroga la Directiva 95\/46 \/ CE (Reglamento general de protecci\u00f3n de datos), debe saber:\n<br><br>\nQue, los datos suministrados por el usuario quedar\u00e1n incorporadas en un tratamiento automatizado, el cual ser\u00e1 procesado exclusivamente para la finalidad pedida en cada caso. Estos datos se recoger\u00e1n a trav\u00e9s de los formularios correspondientes, los cuales solo contendr\u00e1n los campos imprescindibles para poder prestar el servicio requerido por el usuario.\n<br><br>\nLos datos de car\u00e1cter personal ser\u00e1n tratados con el grado de protecci\u00f3n adecuado, seg\u00fan la Ley Org\u00e1nica 3\/2018, de 5 de diciembre, de protecci\u00f3n de datos personales y garant\u00eda de los derechos digitales, tom\u00e1ndose las medidas de seguridad necesarias para evitar su alteraci\u00f3n, p\u00e9rdida, tratamiento o acceso no autorizado por parte de terceros que las puedan utilizar para finalidades diferentes por las que han sido solicitadas al usuario.\n<br><br>\nLa informaci\u00f3n que el usuario pone en nuestro conocimiento a trav\u00e9s del formulario de denuncia, nos puede obligar a ponernos en contacto con uno o varios especialistas, todos obligados por su secreto profesional. No se establece en ning\u00fan caso otra pol\u00edtica de cesi\u00f3n de datos personales. El usuario puede ejercer sus derechos de oposici\u00f3n, acceso, rectificaci\u00f3n, olvido, portabilidad, suspensi\u00f3n de tratamiento, y cancelaci\u00f3n, en cumplimiento del que establece la LOPDGDD, en la sede de <em>VIADENUNCIA, S.L.<\/em>, su e-mail o la p\u00e1gina al efecto puesta.\n<br><br>\nCIF: B-B01738384<br>\nDirecci\u00f3n: Av. Corts Catalanes, 5, Bajos, 08173, Sant Cugat del Vall\u00e8s (Barcelona).<br>\nCorreo: dpd@viadenuncia.net<br>\nP\u00e1gina: http:\/\/box.viadenuncia.net\/9797624243\n<br><br>\nEl acceso y navegaci\u00f3n a este sitio web implica la aceptaci\u00f3n de los t\u00e9rminos y condiciones de uso. El usuario se compromete a utilizar este sitio web en conformidad con la legalidad vigente.\n<br><br>\nLos datos que el usuario nos facilita, no ser\u00e1n nunca cedidos, excepto por mandamiento judicial o por lo que se ha descrito anteriormente. <em>Viadenuncia, S.L.<\/em>, adem\u00e1s, asume, en la informaci\u00f3n que usa, un c\u00f3digo de conducta que va m\u00e1s all\u00e1 de la propia norma, siente sus principios orientadores los siguientes:\n<br><br>\n<p style=\"text-align: center;\"><strong>Principios generales<\/strong><\/p>\n<br><br>\n<strong>Legalidad<\/strong>\n<br><br>\nLos servicios que se ofrecen est\u00e1n sometidos a la legalidad vigente; <em>Viadenuncia, S.L.<\/em> se compromete a no aceptar ni estimular pr\u00e1cticas ilegales o contrarias a la moral.\n<br><br>\n<strong>Honestidad<\/strong>\n<br><br>\nLa informaci\u00f3n contenida en la documentaci\u00f3n que se utilice, estar\u00e1 redactada de una manera transparente, comprensible y razonable.\n<br><br>\n<em>Viadenuncia, S.L.<\/em>, se reserva el derecho de modificar la Pol\u00edtica de Privacidad, motivado por un cambio legislativo, jurisprudencial o doctrinal de la Agencia Espa\u00f1ola de Protecci\u00f3n de Datos. Cualquier modificaci\u00f3n de la Pol\u00edtica de Privacidad ser\u00e1 publicada al menos diez d\u00edas antes de su efectiva aplicaci\u00f3n.\n<br><br>\nPara prestar servicios estrictamente necesarios para su adecuado funcionamiento <em>Viadenuncia, S.L.<\/em> utiliza los siguientes prestamistas de servicios bajo sus correspondientes condiciones de privacidad:\n* wordpress\n* Dondominio (registre de dominis)\n<br><br>\n<strong>Responsabilidad<\/strong>\n<br><br>\n<em>Viadenuncia, S.L.<\/em> asume la responsabilidad de la informaci\u00f3n que pone a disposici\u00f3n de los usuarios de la p\u00e1gina.\n<br><br>\n<strong>Confidencialidad<\/strong>\n<br><br>\nA causa de la actividad, todos los sujetos que participan en la prestaci\u00f3n de servicios tienen que ser identificables al peticionario de servicios, pero en su actividad m\u00e1s all\u00e1 de la relaci\u00f3n profesional, tienen derecho a preservar el anonimato. En el mismo sentido, el peticionario de servicios tiene derecho a mantener su anonimato, de as\u00ed desearlo.\n<br><br>\n<strong>Protecci\u00f3n de la dignidad humana<\/strong>\n<br><br>\nEl respecto a la dignidad humana implica tutelar la vida, impidiendo cualquier clase de discriminaci\u00f3n social, religiosa, \u00e9tnica, cultural, pol\u00edtica, sexual o por discapacidad f\u00edsica o ps\u00edquica.\n<br><br>\n<strong>Protecci\u00f3n de los menores<\/strong>\n<br><br>\nLa protecci\u00f3n de los menores supone rechazar su utilizaci\u00f3n, especialmente con objetivos poco claros, y mantener una actitud de cautela en la difusi\u00f3n de contenidos potencialmente nocivos para la infancia.\n<br><br>\n<strong>Protecci\u00f3n del orden p\u00fablico<\/strong>\n<br><br>\nDe acuerdo con el respecto a las leyes que regulan el orden p\u00fablico, <em>Viadenuncia, S.L.<\/em> no ser\u00e1 veh\u00edculo de mensajes que inciten al uso de la violencia o a la participaci\u00f3n en actividades delictivas.\n<br><br>\n<strong>Protecci\u00f3n de la vida privada<\/strong>\n<br><br>\nEl respecto a los derechos y libertades fundamentales obliga a tutelar la vida privada, los datos personales y el secreto de las comunicaciones. Aun as\u00ed, nos reservamos el derecho de ponernos en contacto con el usuario, las veces que haga falta, para informar de cambios legislativos, operativos y material intelectual o tecnol\u00f3gico que estimemos pueda necesitar.\n<br><br>\n<strong>Protecci\u00f3n del consumidor en el marco del comercio electr\u00f3nico<\/strong>\n<br><br>\nEn las actividades que no sean propias de la actividad de prestaci\u00f3n de servicios se tienen que respetar los principios de transparencia y accesibilidad, someti\u00e9ndose a las normativas de protecci\u00f3n del consumidor.\n<br><br>\n<strong>Derecho de propiedad intelectual e industrial<\/strong>\n<br><br>\n<em>Viadenuncia, S.L.<\/em> expresa su voluntad de tutelar el derecho, de existir, de los autores a sus creaciones intelectuales e industriales, de acuerdo con la normativa vigente. Esto no obsta que se entienda que se apuesta principalmente por los mecanismos de la cultura libre y del software no propietario, aun as\u00ed, este sitio web y todos sus contenidos, incluida su programaci\u00f3n, textos, im\u00e1genes, sonido, fotograf\u00edas, dise\u00f1o gr\u00e1fico, logos y cualquier otro material o elemento que aparece en el web son propiedad del titular o de terceros que han autorizado el uso de estos contenidos a titular (SafeCreative).\n<br><br>\nLos nombres comerciales, marcas o signos distintivos expuestos en estas p\u00e1ginas est\u00e1n registrados y son propiedad de sus leg\u00edtimos titulares. Todos los derechos est\u00e1n reservados. El titular no concede ning\u00fan tipo de licencia o autorizaci\u00f3n al usuario del web sobre sus derechos de propiedad intelectual o industrial o sobre cualquier otro derecho relacionado con el web y los servicios ofrecidos por el mismo. La reproducci\u00f3n, copia, uso, distribuci\u00f3n, comercializaci\u00f3n, comunicaci\u00f3n p\u00fablica, totales o parciales, o cualquier otra actividad que se pueda llevar a cabo con la informaci\u00f3n contenida en estas p\u00e1ginas web y que se realice sin la autorizaci\u00f3n expr\u00e9s por parte de la titular y de los propietarios de las marcas, constituye una infracci\u00f3n de los derechos de propiedad intelectual e industrial, que penaliza la legislaci\u00f3n vigente. El titular se reserva la posibilidad de ejercer las acciones judiciales que correspondan contra los usuarios que violen o infrinjan los derechos de propiedad intelectual e industrial.\n<br><br>\n<strong>Enlaces<\/strong>\n<br><br>\nEn el supuesto de que en el web se dispusieran hipervinculos o enlaces hacia otros lugares de Internet, <em>Viadenuncia, S.L.<\/em> no ejercer\u00e1 ning\u00fan tipo de control sobre estos lugares y contenidos. En ning\u00fan caso, <em>Viadenuncia, S.L.<\/em> asumir\u00e1 responsabilidades por los contenidos de alg\u00fan enlace perteneciente a un sitio web ajeno, ni garantizar\u00e1 la disponibilidad t\u00e9cnica, calidad, fiabilidad, exactitud, amplitud, veracidad, validez y constitucionalidad de cualquier material o informaci\u00f3n contenida en ninguno de estos enlaces u otros lugares de Internet. Igualmente, la inclusi\u00f3n de estas conexiones externas no implicar\u00e1 ning\u00fan tipo de asociaci\u00f3n, fusi\u00f3n o participaci\u00f3n con las entidades conectadas.\n<br><br>\n<strong>Derecho de Exclusi\u00f3n<\/strong>\n<br><br>\n<em>Viadenuncia, S.L.<\/em> se reserva el derecho a denegar o retirar el acceso en su web y \/ o los servicios ofrecidos sin necesidad de preaviso, a instancia propia o de un tercero, a aquellos usuarios que incumplan las presentes Condiciones Generales de uso.\n<br><br>\n<strong>Conflictos<\/strong>\n<br><br>\n<em>Viadenuncia, S.L.<\/em> no se hace responsable, en ning\u00fan caso, de los da\u00f1os y perjuicios de cualquier naturaleza que pudieran ocasionar; a t\u00edtulo enunciativo y nunca limitativo: errores u omisiones en los contenidos, falta de disponibilidad del portal o la transmisi\u00f3n de virus o programas maliciosos o lesivos en los contenidos, a pesar de haber adoptado, desde el primer momento, todas las medidas tecnol\u00f3gicas necesarias para evitarlo.\n<br><br>\nCualquier conflicto surgido por la prestaci\u00f3n de servicios requerida, o por de utilizaci\u00f3n de la p\u00e1gina se someter\u00e1 al fuero y jurisdicci\u00f3n de los tribunales de la ciudad de Barcelona. Si hay relaci\u00f3n con un tercer profesional, Viadenuncia, S.L. queda exonerada de las responsabilidades fruto de esta relaci\u00f3n con plena indemnidad, no responsabiliz\u00e1ndose ni reconociendo la relaci\u00f3n de prestaci\u00f3n de servicios entre el peticionario y el prestamista.\n<br><br>\n<strong>Plugins sociales<\/strong>\n<br><br>\nEn nuestro Sitio web ofrecemos enlaces y servicios relacionados con diferentes redes sociales. Si el Usuario es miembro de una red social y hace clic sobre el correspondiente enlace, el proveedor de la red social podr\u00e1 enlazar sus datos de perfil con la informaci\u00f3n de su visita a <em>Viadenuncia S.L.<\/em> Por lo tanto, el usuario tiene que estar informado sobre las funciones y pol\u00edticas sobre el tratamiento de sus datos personales de la respectiva red social. Tanto si accede a una de nuestras p\u00e1ginas web con alguno de sus perfiles en redes sociales o comparte informaci\u00f3n a trav\u00e9s de ellos. El usuario puede acceder en todo momento a las pol\u00edticas de privacidad de las diferentes redes sociales, as\u00ed como configurar su perfil para garantizar su privacidad.\t\t\t\t\t\t\t\t<\/div>\n\t\t\t\t<\/div>\n\t\t\t\t\t<\/div>\n\t\t<\/div>\n\t\t\t\t\t<\/div>\n\t\t<\/section>\n\t\t\t\t<\/div>\n\t\t","protected":false},"excerpt":{"rendered":"<p>viadenuncia Legal notice, privacy policy and cookies viadenuncia Legal notice, privacy policy and cookies In accordance with Organic Law 3\/2018 of 5 December on the protection of personal data and guarantee of digital rights implementing REGULATION (EU) 2016\/679 OF THE EUROPEAN PARLIAMENT AND OF THE COUNCIL of 27 April 2016<a class=\"moretag\" href=\"https:\/\/viadenuncia.net\/en\/legal\/\"> Read more<\/a><\/p>\n","protected":false},"author":1,"featured_media":0,"parent":0,"menu_order":0,"comment_status":"closed","ping_status":"closed","template":"elementor_header_footer","meta":{"footnotes":""},"class_list":["post-451","page","type-page","status-publish","hentry"],"jetpack_sharing_enabled":true,"_links":{"self":[{"href":"https:\/\/viadenuncia.net\/en\/wp-json\/wp\/v2\/pages\/451","targetHints":{"allow":["GET"]}}],"collection":[{"href":"https:\/\/viadenuncia.net\/en\/wp-json\/wp\/v2\/pages"}],"about":[{"href":"https:\/\/viadenuncia.net\/en\/wp-json\/wp\/v2\/types\/page"}],"author":[{"embeddable":true,"href":"https:\/\/viadenuncia.net\/en\/wp-json\/wp\/v2\/users\/1"}],"replies":[{"embeddable":true,"href":"https:\/\/viadenuncia.net\/en\/wp-json\/wp\/v2\/comments?post=451"}],"version-history":[{"count":42,"href":"https:\/\/viadenuncia.net\/en\/wp-json\/wp\/v2\/pages\/451\/revisions"}],"predecessor-version":[{"id":2878,"href":"https:\/\/viadenuncia.net\/en\/wp-json\/wp\/v2\/pages\/451\/revisions\/2878"}],"wp:attachment":[{"href":"https:\/\/viadenuncia.net\/en\/wp-json\/wp\/v2\/media?parent=451"}],"curies":[{"name":"wp","href":"https:\/\/api.w.org\/{rel}","templated":true}]}}