{"id":2381,"date":"2022-04-05T10:32:29","date_gmt":"2022-04-05T08:32:29","guid":{"rendered":"https:\/\/viadenuncia.net\/?page_id=2381"},"modified":"2023-05-22T11:25:19","modified_gmt":"2023-05-22T09:25:19","slug":"administraciones-publicas","status":"publish","type":"page","link":"https:\/\/viadenuncia.net\/en\/canales-de-comunicacion\/administraciones-publicas\/","title":{"rendered":"Public Administrations"},"content":{"rendered":"\t\t<div data-elementor-type=\"wp-page\" data-elementor-id=\"2381\" class=\"elementor elementor-2381\" data-elementor-post-type=\"page\">\n\t\t\t\t\t\t<section class=\"elementor-section elementor-top-section elementor-element elementor-element-64661eda elementor-section-full_width elementor-section-height-default elementor-section-height-default\" data-id=\"64661eda\" data-element_type=\"section\" data-e-type=\"section\" data-settings=\"{&quot;sticky&quot;:&quot;top&quot;,&quot;sticky_on&quot;:[&quot;desktop&quot;,&quot;tablet&quot;,&quot;mobile&quot;],&quot;sticky_offset&quot;:0,&quot;sticky_effects_offset&quot;:0,&quot;sticky_anchor_link_offset&quot;:0}\">\n\t\t\t\t\t\t\t<div class=\"elementor-background-overlay\"><\/div>\n\t\t\t\t\t\t\t<div class=\"elementor-container elementor-column-gap-default\">\n\t\t\t\t\t<div class=\"elementor-column elementor-col-100 elementor-top-column elementor-element elementor-element-6778d9ab\" data-id=\"6778d9ab\" data-element_type=\"column\" data-e-type=\"column\">\n\t\t\t<div class=\"elementor-widget-wrap elementor-element-populated\">\n\t\t\t\t\t\t<div class=\"elementor-element elementor-element-53e0b7fd elementor-widget elementor-widget-text-editor\" data-id=\"53e0b7fd\" data-element_type=\"widget\" data-e-type=\"widget\" data-widget_type=\"text-editor.default\">\n\t\t\t\t<div class=\"elementor-widget-container\">\n\t\t\t\t\t\t\t\t\t<p>viadenuncia<\/p>\t\t\t\t\t\t\t\t<\/div>\n\t\t\t\t<\/div>\n\t\t\t\t<div class=\"elementor-element elementor-element-1efa6b74 elementor-widget elementor-widget-heading\" data-id=\"1efa6b74\" data-element_type=\"widget\" data-e-type=\"widget\" data-widget_type=\"heading.default\">\n\t\t\t\t<div class=\"elementor-widget-container\">\n\t\t\t\t\t<h1 class=\"elementor-heading-title elementor-size-xl\"> Administracions P\u00f9bliques<\/h1>\t\t\t\t<\/div>\n\t\t\t\t<\/div>\n\t\t\t\t\t<\/div>\n\t\t<\/div>\n\t\t\t\t\t<\/div>\n\t\t<\/section>\n\t\t\t\t<section class=\"elementor-section elementor-top-section elementor-element elementor-element-5c55ffd6 elementor-section-boxed elementor-section-height-default elementor-section-height-default\" data-id=\"5c55ffd6\" data-element_type=\"section\" data-e-type=\"section\">\n\t\t\t\t\t\t\t<div class=\"elementor-background-overlay\"><\/div>\n\t\t\t\t\t\t\t<div class=\"elementor-container elementor-column-gap-default\">\n\t\t\t\t\t<div class=\"elementor-column elementor-col-100 elementor-top-column elementor-element elementor-element-67749428\" data-id=\"67749428\" data-element_type=\"column\" data-e-type=\"column\">\n\t\t\t<div class=\"elementor-widget-wrap elementor-element-populated\">\n\t\t\t\t\t\t<div class=\"elementor-element elementor-element-5f48691f elementor-widget elementor-widget-menu-anchor\" data-id=\"5f48691f\" data-element_type=\"widget\" data-e-type=\"widget\" data-widget_type=\"menu-anchor.default\">\n\t\t\t\t<div class=\"elementor-widget-container\">\n\t\t\t\t\t\t\t<div class=\"elementor-menu-anchor\" id=\"promotors\"><\/div>\n\t\t\t\t\t\t<\/div>\n\t\t\t\t<\/div>\n\t\t\t\t<div class=\"elementor-element elementor-element-e493988 elementor-widget elementor-widget-spacer\" data-id=\"e493988\" data-element_type=\"widget\" data-e-type=\"widget\" data-widget_type=\"spacer.default\">\n\t\t\t\t<div class=\"elementor-widget-container\">\n\t\t\t\t\t\t\t<div class=\"elementor-spacer\">\n\t\t\t<div class=\"elementor-spacer-inner\"><\/div>\n\t\t<\/div>\n\t\t\t\t\t\t<\/div>\n\t\t\t\t<\/div>\n\t\t\t\t<div class=\"elementor-element elementor-element-6f351f18 elementor-widget elementor-widget-heading\" data-id=\"6f351f18\" data-element_type=\"widget\" data-e-type=\"widget\" data-widget_type=\"heading.default\">\n\t\t\t\t<div class=\"elementor-widget-container\">\n\t\t\t\t\t<p class=\"elementor-heading-title elementor-size-default\">viadenuncia<\/p>\t\t\t\t<\/div>\n\t\t\t\t<\/div>\n\t\t\t\t<div class=\"elementor-element elementor-element-76a57814 elementor-widget elementor-widget-heading\" data-id=\"76a57814\" data-element_type=\"widget\" data-e-type=\"widget\" data-widget_type=\"heading.default\">\n\t\t\t\t<div class=\"elementor-widget-container\">\n\t\t\t\t\t<h2 class=\"elementor-heading-title elementor-size-default\">Un canal per a les teves necessitats\n<\/h2>\t\t\t\t<\/div>\n\t\t\t\t<\/div>\n\t\t\t\t\t<\/div>\n\t\t<\/div>\n\t\t\t\t\t<\/div>\n\t\t<\/section>\n\t\t\t\t<section class=\"elementor-section elementor-top-section elementor-element elementor-element-19f4f9fb elementor-section-height-min-height elementor-section-boxed elementor-section-height-default elementor-section-items-middle\" data-id=\"19f4f9fb\" data-element_type=\"section\" data-e-type=\"section\">\n\t\t\t\t\t\t<div class=\"elementor-container elementor-column-gap-default\">\n\t\t\t\t\t<div class=\"elementor-column elementor-col-33 elementor-top-column elementor-element elementor-element-79ec2a70\" data-id=\"79ec2a70\" data-element_type=\"column\" data-e-type=\"column\">\n\t\t\t<div class=\"elementor-widget-wrap elementor-element-populated\">\n\t\t\t\t\t\t<div class=\"elementor-element elementor-element-7f18fa6 elementor-widget elementor-widget-image\" data-id=\"7f18fa6\" data-element_type=\"widget\" data-e-type=\"widget\" data-widget_type=\"image.default\">\n\t\t\t\t<div class=\"elementor-widget-container\">\n\t\t\t\t\t\t\t\t\t\t\t\t\t\t\t<img fetchpriority=\"high\" decoding=\"async\" width=\"300\" height=\"300\" src=\"https:\/\/viadenuncia.net\/wp-content\/uploads\/sites\/3\/2022\/03\/istockphoto-524903558-612x612-1-300x300.png\" class=\"attachment-medium size-medium wp-image-2396\" alt=\"administraciones p\u00fablicas\" srcset=\"https:\/\/viadenuncia.net\/wp-content\/uploads\/sites\/3\/2022\/03\/istockphoto-524903558-612x612-1-300x300.png 300w, https:\/\/viadenuncia.net\/wp-content\/uploads\/sites\/3\/2022\/03\/istockphoto-524903558-612x612-1-150x150.png 150w, https:\/\/viadenuncia.net\/wp-content\/uploads\/sites\/3\/2022\/03\/istockphoto-524903558-612x612-1.png 612w\" sizes=\"(max-width: 300px) 100vw, 300px\" \/>\t\t\t\t\t\t\t\t\t\t\t\t\t\t\t<\/div>\n\t\t\t\t<\/div>\n\t\t\t\t\t<\/div>\n\t\t<\/div>\n\t\t\t\t<div class=\"elementor-column elementor-col-66 elementor-top-column elementor-element elementor-element-b1adb38\" data-id=\"b1adb38\" data-element_type=\"column\" data-e-type=\"column\">\n\t\t\t<div class=\"elementor-widget-wrap elementor-element-populated\">\n\t\t\t\t\t\t<div class=\"elementor-element elementor-element-a890b01 elementor-widget__width-initial elementor-widget elementor-widget-text-editor\" data-id=\"a890b01\" data-element_type=\"widget\" data-e-type=\"widget\" data-widget_type=\"text-editor.default\">\n\t\t\t\t<div class=\"elementor-widget-container\">\n\t\t\t\t\t\t\t\t\t<p><span>La <strong><a href=\"https:\/\/viadenuncia.net\/\" target=\"_blank\" rel=\"noopener sponsored\">Directiva 2019\/1937<\/a><\/strong> de la UE ha estat posada en marxa per a unificar esfor\u00e7os amb els estats membres i les seves administracions en la gesti\u00f3 dels <strong>fons i subvencions<\/strong> atorgats des de la uni\u00f3, donant aix\u00ed una eina m\u00e9s per a l<strong>a transpar\u00e8ncia i el compliment normatiu<\/strong>, fent que els ciutadans se sentin m\u00e9s pr\u00f2xims a les seves <strong>administracions p\u00fabliques<\/strong> i participin al costat d&#8217;elles en la bona gesti\u00f3.<\/span><\/p><p><a href=\"https:\/\/viadenuncia.net\/viadenuncia\/\" target=\"_blank\" rel=\"noopener sponsored\"><strong>Viadenuncia\u00a0<\/strong><\/a>\u00e9s aquesta eina, <span style=\"text-decoration: underline;\"><strong>un canal de gesti\u00f3 externa i independent<\/strong><\/span> que ajudar\u00e0 als ajuntaments i totes aquelles administracions p\u00fabliques que l&#8217;utilitzin a complir amb la normativa i donar veu als seus ciutadans.<\/p>\t\t\t\t\t\t\t\t<\/div>\n\t\t\t\t<\/div>\n\t\t\t\t\t<\/div>\n\t\t<\/div>\n\t\t\t\t\t<\/div>\n\t\t<\/section>\n\t\t\t\t<section class=\"elementor-section elementor-top-section elementor-element elementor-element-3a6ee93 elementor-section-boxed elementor-section-height-default elementor-section-height-default\" data-id=\"3a6ee93\" data-element_type=\"section\" data-e-type=\"section\" data-settings=\"{&quot;background_background&quot;:&quot;classic&quot;}\">\n\t\t\t\t\t\t<div class=\"elementor-container elementor-column-gap-default\">\n\t\t\t\t\t<div class=\"elementor-column elementor-col-100 elementor-top-column elementor-element elementor-element-4f14de9\" data-id=\"4f14de9\" data-element_type=\"column\" data-e-type=\"column\">\n\t\t\t<div class=\"elementor-widget-wrap elementor-element-populated\">\n\t\t\t\t\t\t<section class=\"elementor-section elementor-inner-section elementor-element elementor-element-4a177de elementor-section-boxed elementor-section-height-default elementor-section-height-default\" data-id=\"4a177de\" data-element_type=\"section\" data-e-type=\"section\">\n\t\t\t\t\t\t<div class=\"elementor-container elementor-column-gap-default\">\n\t\t\t\t\t<div class=\"elementor-column elementor-col-50 elementor-inner-column elementor-element elementor-element-31273e4\" data-id=\"31273e4\" data-element_type=\"column\" data-e-type=\"column\" data-settings=\"{&quot;background_background&quot;:&quot;classic&quot;}\">\n\t\t\t<div class=\"elementor-widget-wrap elementor-element-populated\">\n\t\t\t\t\t\t<div class=\"elementor-element elementor-element-261b25c elementor-widget elementor-widget-heading\" data-id=\"261b25c\" data-element_type=\"widget\" data-e-type=\"widget\" data-widget_type=\"heading.default\">\n\t\t\t\t<div class=\"elementor-widget-container\">\n\t\t\t\t\t<h3 class=\"elementor-heading-title elementor-size-default\">Com funciona?\n<\/h3>\t\t\t\t<\/div>\n\t\t\t\t<\/div>\n\t\t\t\t\t<\/div>\n\t\t<\/div>\n\t\t\t\t<div class=\"elementor-column elementor-col-50 elementor-inner-column elementor-element elementor-element-af0ff7a\" data-id=\"af0ff7a\" data-element_type=\"column\" data-e-type=\"column\">\n\t\t\t<div class=\"elementor-widget-wrap elementor-element-populated\">\n\t\t\t\t\t\t<div class=\"elementor-element elementor-element-ea03366 elementor-widget elementor-widget-text-editor\" data-id=\"ea03366\" data-element_type=\"widget\" data-e-type=\"widget\" data-widget_type=\"text-editor.default\">\n\t\t\t\t<div class=\"elementor-widget-container\">\n\t\t\t\t\t\t\t\t\t<p><\/p><ol><li>Assignem una b\u00fastia a la web, a m\u00e9s d&#8217;email, n\u00famero de tel\u00e8fon i adre\u00e7a postal i Llest per a funcionar!<\/li><li>El denunciant usa la b\u00fastia segons els requisits de la Directiva 2019\/937.<br \/>L&#8217;instructor de Viadenuncia analitza el cas i deriva segons sigui necessari.<\/li><li>El denunciant t\u00e9 acc\u00e9s a l&#8217;estat de la seva den\u00fancia i tot es duu a terme dins d&#8217;uns terminis establerts.<\/li><\/ol><p><\/li><\/ol>\t\t\t\t\t\t\t\t<\/div>\n\t\t\t\t<\/div>\n\t\t\t\t\t<\/div>\n\t\t<\/div>\n\t\t\t\t\t<\/div>\n\t\t<\/section>\n\t\t\t\t\t<\/div>\n\t\t<\/div>\n\t\t\t\t\t<\/div>\n\t\t<\/section>\n\t\t\t\t<section class=\"elementor-section elementor-top-section elementor-element elementor-element-ff29980 elementor-section-boxed elementor-section-height-default elementor-section-height-default\" data-id=\"ff29980\" data-element_type=\"section\" data-e-type=\"section\" data-settings=\"{&quot;background_background&quot;:&quot;classic&quot;}\">\n\t\t\t\t\t\t<div class=\"elementor-container elementor-column-gap-default\">\n\t\t\t\t\t<div class=\"elementor-column elementor-col-100 elementor-top-column elementor-element elementor-element-0e61f77\" data-id=\"0e61f77\" data-element_type=\"column\" data-e-type=\"column\">\n\t\t\t<div class=\"elementor-widget-wrap elementor-element-populated\">\n\t\t\t\t\t\t<section class=\"elementor-section elementor-inner-section elementor-element elementor-element-37e3d38 elementor-section-boxed elementor-section-height-default elementor-section-height-default\" data-id=\"37e3d38\" data-element_type=\"section\" data-e-type=\"section\">\n\t\t\t\t\t\t<div class=\"elementor-container elementor-column-gap-default\">\n\t\t\t\t\t<div class=\"elementor-column elementor-col-50 elementor-inner-column elementor-element elementor-element-edaa4fa\" data-id=\"edaa4fa\" data-element_type=\"column\" data-e-type=\"column\" data-settings=\"{&quot;background_background&quot;:&quot;classic&quot;}\">\n\t\t\t<div class=\"elementor-widget-wrap elementor-element-populated\">\n\t\t\t\t\t\t<div class=\"elementor-element elementor-element-0d8105a elementor-widget elementor-widget-heading\" data-id=\"0d8105a\" data-element_type=\"widget\" data-e-type=\"widget\" data-widget_type=\"heading.default\">\n\t\t\t\t<div class=\"elementor-widget-container\">\n\t\t\t\t\t<h3 class=\"elementor-heading-title elementor-size-default\">Qu\u00e8 oferim?\n<\/h3>\t\t\t\t<\/div>\n\t\t\t\t<\/div>\n\t\t\t\t\t<\/div>\n\t\t<\/div>\n\t\t\t\t<div class=\"elementor-column elementor-col-50 elementor-inner-column elementor-element elementor-element-14575de\" data-id=\"14575de\" data-element_type=\"column\" data-e-type=\"column\" data-settings=\"{&quot;background_background&quot;:&quot;classic&quot;}\">\n\t\t\t<div class=\"elementor-widget-wrap elementor-element-populated\">\n\t\t\t\t\t\t<div class=\"elementor-element elementor-element-0f46062 elementor-widget elementor-widget-text-editor\" data-id=\"0f46062\" data-element_type=\"widget\" data-e-type=\"widget\" data-widget_type=\"text-editor.default\">\n\t\t\t\t<div class=\"elementor-widget-container\">\n\t\t\t\t\t\t\t\t\t<p><\/p><ol><li><span><strong><span style=\"color: #800000;\">SEGURETAT<\/span><\/strong>: tota la infraestructura inform\u00e0tica \u00e9s pr\u00f2pia.<\/span><\/li><li><span><span style=\"color: #800000;\"><strong>CONFIDENCIALITAT<\/strong><\/span>: sigui an\u00f2nima o no la den\u00fancia, sempre mantindrem l&#8217;estricte secret professional.<\/span><\/li><li><span><strong><span style=\"color: #800000;\">INDEPEND\u00c8NCIA<\/span><\/strong>: la confian\u00e7a de la Transpar\u00e8ncia est\u00e0 garantida,\u00a0 som gestors externs.<\/span><\/li><li><span style=\"color: #800000;\"><strong>COMPLIANCE<\/strong><\/span><span>: complim i\u00a0 ajudem a complir la normativa necess\u00e0ria per a obtenir els <strong>Fons\u00a0<\/strong><\/span><strong>Next\u00a0Generation<\/strong><span>.<\/span><\/li><\/ol>\t\t\t\t\t\t\t\t<\/div>\n\t\t\t\t<\/div>\n\t\t\t\t\t<\/div>\n\t\t<\/div>\n\t\t\t\t\t<\/div>\n\t\t<\/section>\n\t\t\t\t\t<\/div>\n\t\t<\/div>\n\t\t\t\t\t<\/div>\n\t\t<\/section>\n\t\t\t\t<section class=\"elementor-section elementor-top-section elementor-element elementor-element-602ab82 elementor-section-boxed elementor-section-height-default elementor-section-height-default\" data-id=\"602ab82\" data-element_type=\"section\" data-e-type=\"section\" data-settings=\"{&quot;background_background&quot;:&quot;classic&quot;}\">\n\t\t\t\t\t\t<div class=\"elementor-container elementor-column-gap-default\">\n\t\t\t\t\t<div class=\"elementor-column elementor-col-100 elementor-top-column elementor-element elementor-element-bc91eae\" data-id=\"bc91eae\" data-element_type=\"column\" data-e-type=\"column\">\n\t\t\t<div class=\"elementor-widget-wrap elementor-element-populated\">\n\t\t\t\t\t\t<section class=\"elementor-section elementor-inner-section elementor-element elementor-element-4496bb3 elementor-section-boxed elementor-section-height-default elementor-section-height-default\" data-id=\"4496bb3\" data-element_type=\"section\" data-e-type=\"section\">\n\t\t\t\t\t\t<div class=\"elementor-container elementor-column-gap-default\">\n\t\t\t\t\t<div class=\"elementor-column elementor-col-50 elementor-inner-column elementor-element elementor-element-523cd55\" data-id=\"523cd55\" data-element_type=\"column\" data-e-type=\"column\" data-settings=\"{&quot;background_background&quot;:&quot;classic&quot;}\">\n\t\t\t<div class=\"elementor-widget-wrap elementor-element-populated\">\n\t\t\t\t\t\t<div class=\"elementor-element elementor-element-ed8449f elementor-widget elementor-widget-heading\" data-id=\"ed8449f\" data-element_type=\"widget\" data-e-type=\"widget\" data-widget_type=\"heading.default\">\n\t\t\t\t<div class=\"elementor-widget-container\">\n\t\t\t\t\t<h4 class=\"elementor-heading-title elementor-size-default\">Contacta'ns\n<\/h4>\t\t\t\t<\/div>\n\t\t\t\t<\/div>\n\t\t\t\t\t<\/div>\n\t\t<\/div>\n\t\t\t\t<div class=\"elementor-column elementor-col-50 elementor-inner-column elementor-element elementor-element-0616cf7\" data-id=\"0616cf7\" data-element_type=\"column\" data-e-type=\"column\">\n\t\t\t<div class=\"elementor-widget-wrap elementor-element-populated\">\n\t\t\t\t\t\t<div class=\"elementor-element elementor-element-a588fe3 elementor-widget elementor-widget-text-editor\" data-id=\"a588fe3\" data-element_type=\"widget\" data-e-type=\"widget\" data-widget_type=\"text-editor.default\">\n\t\t\t\t<div class=\"elementor-widget-container\">\n\t\t\t\t\t\t\t\t\t<p>[contact-form-7 id=&#8221;2501&#8243; title=&#8221;Contacto simple&#8221;]<\/p><p><\/p>\t\t\t\t\t\t\t\t<\/div>\n\t\t\t\t<\/div>\n\t\t\t\t\t<\/div>\n\t\t<\/div>\n\t\t\t\t\t<\/div>\n\t\t<\/section>\n\t\t\t\t\t<\/div>\n\t\t<\/div>\n\t\t\t\t\t<\/div>\n\t\t<\/section>\n\t\t\t\t<\/div>\n\t\t","protected":false},"excerpt":{"rendered":"<p>viadenuncia Public Administrations viadenuncia One channel for your needs The EU Directive 2019\/1937 has been implemented to unify efforts with Member States and their administrations in the management of funds and subsidies granted from the union, thus giving another tool for transparency and regulatory compliance, making citizens feel closer to<a class=\"moretag\" href=\"https:\/\/viadenuncia.net\/en\/canales-de-comunicacion\/administraciones-publicas\/\"> Read more<\/a><\/p>\n","protected":false},"author":3,"featured_media":0,"parent":341,"menu_order":1,"comment_status":"closed","ping_status":"closed","template":"elementor_header_footer","meta":{"footnotes":""},"class_list":["post-2381","page","type-page","status-publish","hentry"],"jetpack_sharing_enabled":true,"_links":{"self":[{"href":"https:\/\/viadenuncia.net\/en\/wp-json\/wp\/v2\/pages\/2381","targetHints":{"allow":["GET"]}}],"collection":[{"href":"https:\/\/viadenuncia.net\/en\/wp-json\/wp\/v2\/pages"}],"about":[{"href":"https:\/\/viadenuncia.net\/en\/wp-json\/wp\/v2\/types\/page"}],"author":[{"embeddable":true,"href":"https:\/\/viadenuncia.net\/en\/wp-json\/wp\/v2\/users\/3"}],"replies":[{"embeddable":true,"href":"https:\/\/viadenuncia.net\/en\/wp-json\/wp\/v2\/comments?post=2381"}],"version-history":[{"count":102,"href":"https:\/\/viadenuncia.net\/en\/wp-json\/wp\/v2\/pages\/2381\/revisions"}],"predecessor-version":[{"id":2869,"href":"https:\/\/viadenuncia.net\/en\/wp-json\/wp\/v2\/pages\/2381\/revisions\/2869"}],"up":[{"embeddable":true,"href":"https:\/\/viadenuncia.net\/en\/wp-json\/wp\/v2\/pages\/341"}],"wp:attachment":[{"href":"https:\/\/viadenuncia.net\/en\/wp-json\/wp\/v2\/media?parent=2381"}],"curies":[{"name":"wp","href":"https:\/\/api.w.org\/{rel}","templated":true}]}}